{"id":4248,"date":"2020-07-21T10:41:03","date_gmt":"2020-07-21T13:41:03","guid":{"rendered":"http:\/\/www.arquimedes.com.br\/novosite\/?page_id=4248"},"modified":"2022-02-15T17:54:59","modified_gmt":"2022-02-15T20:54:59","slug":"especializacoes","status":"publish","type":"page","link":"https:\/\/www.arquimedes.com.br\/novosite\/especializacoes\/","title":{"rendered":"Especializa\u00e7\u00f5es"},"content":{"rendered":"\n<style type=\"text\/css\" data-created_by=\"avia_inline_auto\" id=\"style-css-av-2so9jv-ab6eeabe857fd4fe2fd6d32b8f9de8e5\">\n.flex_column.av-2so9jv-ab6eeabe857fd4fe2fd6d32b8f9de8e5{\nborder-radius:0px 0px 0px 0px;\npadding:0px 0px 0px 0px;\n}\n<\/style>\n<div  class='flex_column av-2so9jv-ab6eeabe857fd4fe2fd6d32b8f9de8e5 av_one_full  avia-builder-el-0  avia-builder-el-no-sibling  first flex_column_div av-zero-column-padding  '     ><div  id=\"av-sc-portfolio-1\"  class=\"av-portfolio-grid-sorting-container\"><div class='sort_width_container  av-sort-yes' data-portfolio-id='1' ><div id='js_sort_items' ><div class='sort_by_cat hidden'><a href=\"#\" data-filter=\"all_sort\" class=\"all_sort_button active_sort\"><span class=\"inner_sort_button\"><span>Todos<\/span><small class=\"av-cat-count\"> 3 <\/small><\/span><\/a><span class=\"text-sep especializacao_sort_sep\">\/<\/span><a href=\"#\" data-filter=\"especializacao_sort\" class=\"especializacao_sort_button\" ><span class=\"inner_sort_button\"><span>Especializa\u00e7\u00e3o<\/span><small class=\"av-cat-count\"> 3 <\/small><\/span><\/a><\/div><\/div><\/div><div  class=' grid-sort-container isotope   no_margin-container with-excerpt-container grid-total-odd grid-col-4 grid-links-' data-portfolio-id='1'><div data-ajax-id='4230' class=' grid-entry flex_column isotope-item all_sort no_margin post-entry post-entry-4230 grid-entry-overview grid-loop-1 grid-parity-odd  curso_sort especializacao_sort especializacao-em-enfermagem-do-trabalho_sort  av_one_fourth first default_av_fullwidth '><article class='main_color inner-entry'  itemscope=\"itemscope\" itemtype=\"https:\/\/schema.org\/CreativeWork\" ><a href=\"https:\/\/www.arquimedes.com.br\/novosite\/portfolio-item\/especializacao-em-enfermagem-do-trabalho\/\" title='ESPECIALIZA\u00c7\u00c3O EM ENFERMAGEM DO TRABALHO'  data-rel='grid-1' class='grid-image avia-hover-fx'> <img fetchpriority=\"high\" fetchpriority=\"high\" decoding=\"async\" fetchpriority=\"high\" width=\"260\" height=\"185\" src=\"https:\/\/www.arquimedes.com.br\/novosite\/wp-content\/uploads\/2020\/07\/ESPECIALIZA\u00c7\u00c3O-EM-ENFERMAGEM-DO-TRABALHO-350-X-250-260x185.png\" class=\"wp-image-4444 avia-img-lazy-loading-not-4444 attachment-portfolio_small size-portfolio_small wp-post-image\" alt=\"Especializa\u00e7\u00e3o em Enfermagem do Trabalho\" srcset=\"https:\/\/www.arquimedes.com.br\/novosite\/wp-content\/uploads\/2020\/07\/ESPECIALIZA\u00c7\u00c3O-EM-ENFERMAGEM-DO-TRABALHO-350-X-250-260x185.png 260w, https:\/\/www.arquimedes.com.br\/novosite\/wp-content\/uploads\/2020\/07\/ESPECIALIZA\u00c7\u00c3O-EM-ENFERMAGEM-DO-TRABALHO-350-X-250-300x214.png 300w, https:\/\/www.arquimedes.com.br\/novosite\/wp-content\/uploads\/2020\/07\/ESPECIALIZA\u00c7\u00c3O-EM-ENFERMAGEM-DO-TRABALHO-350-X-250.png 350w\" sizes=\"(max-width: 260px) 100vw, 260px\" \/><\/a><div class='grid-content'><div class='avia-arrow'><\/div><header class=\"entry-content-header\"><h3 class='grid-entry-title entry-title '  itemprop=\"headline\" ><a href='https:\/\/www.arquimedes.com.br\/novosite\/portfolio-item\/especializacao-em-enfermagem-do-trabalho\/' title='ESPECIALIZA\u00c7\u00c3O EM ENFERMAGEM DO TRABALHO'>ESPECIALIZA\u00c7\u00c3O EM ENFERMAGEM DO TRABALHO<\/a><\/h3><\/header><\/div><footer class=\"entry-footer\"><\/footer><\/article><\/div><div data-ajax-id='4235' class=' grid-entry flex_column isotope-item all_sort no_margin post-entry post-entry-4235 grid-entry-overview grid-loop-2 grid-parity-even  curso_sort especializacao_sort especializacao-em-instrumentacao-cirurgica_sort  av_one_fourth  default_av_fullwidth '><article class='main_color inner-entry'  itemscope=\"itemscope\" itemtype=\"https:\/\/schema.org\/CreativeWork\" ><a href=\"https:\/\/www.arquimedes.com.br\/novosite\/portfolio-item\/especializacao-em-instrumentacao-cirurgica\/\" title='ESPECIALIZA\u00c7\u00c3O EM INSTRUMENTA\u00c7\u00c3O CIR\u00daRGICA'  data-rel='grid-1' class='grid-image avia-hover-fx'> <img fetchpriority=\"high\" fetchpriority=\"high\" decoding=\"async\" fetchpriority=\"high\" width=\"260\" height=\"185\" src=\"https:\/\/www.arquimedes.com.br\/novosite\/wp-content\/uploads\/2020\/07\/ESPECIALIZA\u00c7\u00c3O-EM-INSTRUMENTA\u00c7\u00c3O-CIRURGICA-350-X-250-260x185.png\" class=\"wp-image-4440 avia-img-lazy-loading-not-4440 attachment-portfolio_small size-portfolio_small wp-post-image\" alt=\"Especialaza\u00e7\u00e3o\" srcset=\"https:\/\/www.arquimedes.com.br\/novosite\/wp-content\/uploads\/2020\/07\/ESPECIALIZA\u00c7\u00c3O-EM-INSTRUMENTA\u00c7\u00c3O-CIRURGICA-350-X-250-260x185.png 260w, https:\/\/www.arquimedes.com.br\/novosite\/wp-content\/uploads\/2020\/07\/ESPECIALIZA\u00c7\u00c3O-EM-INSTRUMENTA\u00c7\u00c3O-CIRURGICA-350-X-250-300x214.png 300w, https:\/\/www.arquimedes.com.br\/novosite\/wp-content\/uploads\/2020\/07\/ESPECIALIZA\u00c7\u00c3O-EM-INSTRUMENTA\u00c7\u00c3O-CIRURGICA-350-X-250.png 350w\" sizes=\"(max-width: 260px) 100vw, 260px\" \/><\/a><div class='grid-content'><div class='avia-arrow'><\/div><header class=\"entry-content-header\"><h3 class='grid-entry-title entry-title '  itemprop=\"headline\" ><a href='https:\/\/www.arquimedes.com.br\/novosite\/portfolio-item\/especializacao-em-instrumentacao-cirurgica\/' title='ESPECIALIZA\u00c7\u00c3O EM INSTRUMENTA\u00c7\u00c3O CIR\u00daRGICA'>ESPECIALIZA\u00c7\u00c3O EM INSTRUMENTA\u00c7\u00c3O CIR\u00daRGICA<\/a><\/h3><\/header><\/div><footer class=\"entry-footer\"><\/footer><\/article><\/div><div data-ajax-id='4240' class=' grid-entry flex_column isotope-item all_sort no_margin post-entry post-entry-4240 grid-entry-overview grid-loop-3 grid-parity-odd  post-entry-last  curso_sort especializacao_sort especializacao-em-uti_sort  av_one_fourth  default_av_fullwidth '><article class='main_color inner-entry'  itemscope=\"itemscope\" itemtype=\"https:\/\/schema.org\/CreativeWork\" ><a href=\"https:\/\/www.arquimedes.com.br\/novosite\/portfolio-item\/especializacao-em-uti\/\" title='ESPECIALIZA\u00c7\u00c3O EM UNIDADE DE TERAPIA INTENSIVA &#8211;  U.T.I.'  data-rel='grid-1' class='grid-image avia-hover-fx'> <img fetchpriority=\"high\" fetchpriority=\"high\" decoding=\"async\" fetchpriority=\"high\" width=\"260\" height=\"185\" src=\"https:\/\/www.arquimedes.com.br\/novosite\/wp-content\/uploads\/2020\/07\/ESPECIALIZA\u00c7\u00c3O-EM-UTI-350-X-250-260x185.png\" class=\"wp-image-4436 avia-img-lazy-loading-not-4436 attachment-portfolio_small size-portfolio_small wp-post-image\" alt=\"UTI\" srcset=\"https:\/\/www.arquimedes.com.br\/novosite\/wp-content\/uploads\/2020\/07\/ESPECIALIZA\u00c7\u00c3O-EM-UTI-350-X-250-260x185.png 260w, https:\/\/www.arquimedes.com.br\/novosite\/wp-content\/uploads\/2020\/07\/ESPECIALIZA\u00c7\u00c3O-EM-UTI-350-X-250-300x214.png 300w, https:\/\/www.arquimedes.com.br\/novosite\/wp-content\/uploads\/2020\/07\/ESPECIALIZA\u00c7\u00c3O-EM-UTI-350-X-250.png 350w\" sizes=\"(max-width: 260px) 100vw, 260px\" \/><\/a><div class='grid-content'><div class='avia-arrow'><\/div><header class=\"entry-content-header\"><h3 class='grid-entry-title entry-title '  itemprop=\"headline\" ><a href='https:\/\/www.arquimedes.com.br\/novosite\/portfolio-item\/especializacao-em-uti\/' title='ESPECIALIZA\u00c7\u00c3O EM UNIDADE DE TERAPIA INTENSIVA &#8211;  U.T.I.'>ESPECIALIZA\u00c7\u00c3O EM UNIDADE DE TERAPIA INTENSIVA &#8211;  U.T.I.<\/a><\/h3><\/header><\/div><footer class=\"entry-footer\"><\/footer><\/article><\/div><\/div><\/div>   <!--   class=\"av-portfolio-grid-sorting-container\"  --><\/div>\n","protected":false},"excerpt":{"rendered":"","protected":false},"author":2,"featured_media":0,"parent":0,"menu_order":0,"comment_status":"closed","ping_status":"closed","template":"","meta":{"footnotes":""},"class_list":["post-4248","page","type-page","status-publish","hentry"],"_links":{"self":[{"href":"https:\/\/www.arquimedes.com.br\/novosite\/wp-json\/wp\/v2\/pages\/4248","targetHints":{"allow":["GET"]}}],"collection":[{"href":"https:\/\/www.arquimedes.com.br\/novosite\/wp-json\/wp\/v2\/pages"}],"about":[{"href":"https:\/\/www.arquimedes.com.br\/novosite\/wp-json\/wp\/v2\/types\/page"}],"author":[{"embeddable":true,"href":"https:\/\/www.arquimedes.com.br\/novosite\/wp-json\/wp\/v2\/users\/2"}],"replies":[{"embeddable":true,"href":"https:\/\/www.arquimedes.com.br\/novosite\/wp-json\/wp\/v2\/comments?post=4248"}],"version-history":[{"count":3,"href":"https:\/\/www.arquimedes.com.br\/novosite\/wp-json\/wp\/v2\/pages\/4248\/revisions"}],"predecessor-version":[{"id":7262,"href":"https:\/\/www.arquimedes.com.br\/novosite\/wp-json\/wp\/v2\/pages\/4248\/revisions\/7262"}],"wp:attachment":[{"href":"https:\/\/www.arquimedes.com.br\/novosite\/wp-json\/wp\/v2\/media?parent=4248"}],"curies":[{"name":"wp","href":"https:\/\/api.w.org\/{rel}","templated":true}]}}