{"id":4200,"date":"2020-07-20T09:54:39","date_gmt":"2020-07-20T12:54:39","guid":{"rendered":"http:\/\/www.arquimedes.com.br\/novosite\/?page_id=4200"},"modified":"2022-02-15T16:06:30","modified_gmt":"2022-02-15T19:06:30","slug":"seguranca-e-meio-ambiente","status":"publish","type":"page","link":"https:\/\/www.arquimedes.com.br\/novosite\/seguranca-e-meio-ambiente\/","title":{"rendered":"Seguran\u00e7a e Meio Ambiente"},"content":{"rendered":"\n<style type=\"text\/css\" data-created_by=\"avia_inline_auto\" id=\"style-css-av-2so9jv-ab6eeabe857fd4fe2fd6d32b8f9de8e5\">\n.flex_column.av-2so9jv-ab6eeabe857fd4fe2fd6d32b8f9de8e5{\nborder-radius:0px 0px 0px 0px;\npadding:0px 0px 0px 0px;\n}\n<\/style>\n<div  class='flex_column av-2so9jv-ab6eeabe857fd4fe2fd6d32b8f9de8e5 av_one_full  avia-builder-el-0  avia-builder-el-no-sibling  first flex_column_div av-zero-column-padding  '     ><section  class='av_textblock_section av-km23mnou-8d303cf4416c640eae5b2629666adb00 '   itemscope=\"itemscope\" itemtype=\"https:\/\/schema.org\/CreativeWork\" ><div class='avia_textblock'  itemprop=\"text\" ><p style=\"text-align: justify;\">Esse segmento atende \u00e0 demanda de cursos destinados ao p\u00fablico em geral para a forma\u00e7\u00e3o, qualifica\u00e7\u00e3o e capacita\u00e7\u00e3o e, tamb\u00e9m, aos profissionais j\u00e1 atuantes para atualiza\u00e7\u00e3o, reciclagem e especializa\u00e7\u00e3o ou que estejam buscando nova inser\u00e7\u00e3o no mercado de trabalho.<\/p>\n<p style=\"text-align: justify;\">Os cursos s\u00e3o estruturados de acordo com as caracter\u00edsticas dos mercados regionais e setoriais, com base em demandas claramente identificadas no mercado de trabalho.<\/p>\n<p style=\"text-align: justify;\">A dura\u00e7\u00e3o dos cursos depende da \u00e1rea, bem como seus pr\u00e9-requisitos. Dentro deste segmento todos os cursos podem ser adaptados de acordo com as necessidades das empresas e ministrados dentro do segmento \u201cin company\u201d, como cursos\u00a0<em>\u201csob medida para as empresas\u201d.<\/em><\/p>\n<p style=\"text-align: justify;\">A Frequ\u00eancia dos cursos de Forma\u00e7\u00e3o Continuada \u00e9 de 75%,\u00a0<strong>exceto os cursos Normativos,<\/strong>\u00a0cuja\u00a0frequ\u00eancia obrigat\u00f3ria para certifica\u00e7\u00e3o \u00e9\u00a0de\u00a0<strong>100%.<\/strong><\/p>\n<\/div><\/section><br \/>\n<div  id=\"av-sc-portfolio-1\"  class=\"av-portfolio-grid-sorting-container\"><div class='sort_width_container  av-sort-yes' data-portfolio-id='1' ><div id='js_sort_items' ><div class='sort_by_cat hidden'><a href=\"#\" data-filter=\"all_sort\" class=\"all_sort_button active_sort\"><span class=\"inner_sort_button\"><span>Todos<\/span><small class=\"av-cat-count\"> 9 <\/small><\/span><\/a><span class=\"text-sep seguranca-e-meio-ambiente_sort_sep\">\/<\/span><a href=\"#\" data-filter=\"seguranca-e-meio-ambiente_sort\" class=\"seguranca-e-meio-ambiente_sort_button\" ><span class=\"inner_sort_button\"><span>Seguran\u00e7a e Meio Ambiente<\/span><small class=\"av-cat-count\"> 9 <\/small><\/span><\/a><\/div><\/div><\/div><div  class=' grid-sort-container isotope   no_margin-container with-excerpt-container grid-total-odd grid-col-4 grid-links-' data-portfolio-id='1'><div data-ajax-id='4203' class=' grid-entry flex_column isotope-item all_sort no_margin post-entry post-entry-4203 grid-entry-overview grid-loop-1 grid-parity-odd  controle-de-zoonose-seguranca-e-meio-ambiente_sort curso_sort profissionalizante_sort seguranca-e-meio-ambiente_sort  av_one_fourth first default_av_fullwidth '><article class='main_color inner-entry'  itemscope=\"itemscope\" itemtype=\"https:\/\/schema.org\/CreativeWork\" ><a href=\"https:\/\/www.arquimedes.com.br\/novosite\/portfolio-item\/controle-de-zoonose\/\" title='CONTROLE DE ZOONOSE'  data-rel='grid-1' class='grid-image avia-hover-fx'> <img fetchpriority=\"high\" fetchpriority=\"high\" decoding=\"async\" fetchpriority=\"high\" width=\"260\" height=\"185\" src=\"https:\/\/www.arquimedes.com.br\/novosite\/wp-content\/uploads\/2020\/07\/zoonose-350x250-1-260x185.jpg\" class=\"wp-image-4507 avia-img-lazy-loading-not-4507 attachment-portfolio_small size-portfolio_small wp-post-image\" alt=\"\" srcset=\"https:\/\/www.arquimedes.com.br\/novosite\/wp-content\/uploads\/2020\/07\/zoonose-350x250-1-260x185.jpg 260w, https:\/\/www.arquimedes.com.br\/novosite\/wp-content\/uploads\/2020\/07\/zoonose-350x250-1-300x214.jpg 300w, https:\/\/www.arquimedes.com.br\/novosite\/wp-content\/uploads\/2020\/07\/zoonose-350x250-1.jpg 350w\" sizes=\"(max-width: 260px) 100vw, 260px\" \/><\/a><div class='grid-content'><div class='avia-arrow'><\/div><header class=\"entry-content-header\"><h3 class='grid-entry-title entry-title '  itemprop=\"headline\" ><a href='https:\/\/www.arquimedes.com.br\/novosite\/portfolio-item\/controle-de-zoonose\/' title='CONTROLE DE ZOONOSE'>CONTROLE DE ZOONOSE<\/a><\/h3><\/header><\/div><footer class=\"entry-footer\"><\/footer><\/article><\/div><div data-ajax-id='4207' class=' grid-entry flex_column isotope-item all_sort no_margin post-entry post-entry-4207 grid-entry-overview grid-loop-2 grid-parity-even  atendimento-corporativo_sort curso_sort cursos-e-treinamentos-normativos_sort nr-05-comissao-interna-de-prevencao-de-acidentes-cipa_sort profissionalizante_sort seguranca-e-meio-ambiente_sort  av_one_fourth  default_av_fullwidth '><article class='main_color inner-entry'  itemscope=\"itemscope\" itemtype=\"https:\/\/schema.org\/CreativeWork\" ><a href=\"https:\/\/www.arquimedes.com.br\/novosite\/portfolio-item\/nr-05-comissao-interna-de-prevencao-de-acidentes-cipa\/\" title='NR 05 \u2013 COMISS\u00c3O INTERNA DE PREVEN\u00c7\u00c3O DE ACIDENTES \u2013 CIPA'  data-rel='grid-1' class='grid-image avia-hover-fx'> <img fetchpriority=\"high\" fetchpriority=\"high\" decoding=\"async\" fetchpriority=\"high\" width=\"260\" height=\"185\" src=\"https:\/\/www.arquimedes.com.br\/novosite\/wp-content\/uploads\/2020\/07\/nr5-350x250-1-260x185.jpg\" class=\"wp-image-4504 avia-img-lazy-loading-not-4504 attachment-portfolio_small size-portfolio_small wp-post-image\" alt=\"\" srcset=\"https:\/\/www.arquimedes.com.br\/novosite\/wp-content\/uploads\/2020\/07\/nr5-350x250-1-260x185.jpg 260w, https:\/\/www.arquimedes.com.br\/novosite\/wp-content\/uploads\/2020\/07\/nr5-350x250-1-300x214.jpg 300w, https:\/\/www.arquimedes.com.br\/novosite\/wp-content\/uploads\/2020\/07\/nr5-350x250-1.jpg 350w\" sizes=\"(max-width: 260px) 100vw, 260px\" \/><\/a><div class='grid-content'><div class='avia-arrow'><\/div><header class=\"entry-content-header\"><h3 class='grid-entry-title entry-title '  itemprop=\"headline\" ><a href='https:\/\/www.arquimedes.com.br\/novosite\/portfolio-item\/nr-05-comissao-interna-de-prevencao-de-acidentes-cipa\/' title='NR 05 \u2013 COMISS\u00c3O INTERNA DE PREVEN\u00c7\u00c3O DE ACIDENTES \u2013 CIPA'>NR 05 \u2013 COMISS\u00c3O INTERNA DE PREVEN\u00c7\u00c3O DE ACIDENTES \u2013 CIPA<\/a><\/h3><\/header><\/div><footer class=\"entry-footer\"><\/footer><\/article><\/div><div data-ajax-id='4212' class=' grid-entry flex_column isotope-item all_sort no_margin post-entry post-entry-4212 grid-entry-overview grid-loop-3 grid-parity-odd  atendimento-corporativo_sort curso_sort cursos-e-treinamentos-normativos_sort nr-06-equipamento-de-protecao-individual-e-p-is_sort profissionalizante_sort seguranca-e-meio-ambiente_sort  av_one_fourth  default_av_fullwidth '><article class='main_color inner-entry'  itemscope=\"itemscope\" itemtype=\"https:\/\/schema.org\/CreativeWork\" ><a href=\"https:\/\/www.arquimedes.com.br\/novosite\/portfolio-item\/nr-06-equipamento-de-protecao-individual-e-p-is\/\" title='NR 06 \u2013 EQUIPAMENTO DE PROTE\u00c7\u00c3O INDIVIDUAL &#8211; EPI.'  data-rel='grid-1' class='grid-image avia-hover-fx'> <img fetchpriority=\"high\" fetchpriority=\"high\" decoding=\"async\" fetchpriority=\"high\" width=\"260\" height=\"185\" src=\"https:\/\/www.arquimedes.com.br\/novosite\/wp-content\/uploads\/2020\/07\/nr6-350x250-1-260x185.jpg\" class=\"wp-image-4498 avia-img-lazy-loading-not-4498 attachment-portfolio_small size-portfolio_small wp-post-image\" alt=\"\" srcset=\"https:\/\/www.arquimedes.com.br\/novosite\/wp-content\/uploads\/2020\/07\/nr6-350x250-1-260x185.jpg 260w, https:\/\/www.arquimedes.com.br\/novosite\/wp-content\/uploads\/2020\/07\/nr6-350x250-1-300x214.jpg 300w, https:\/\/www.arquimedes.com.br\/novosite\/wp-content\/uploads\/2020\/07\/nr6-350x250-1.jpg 350w\" sizes=\"(max-width: 260px) 100vw, 260px\" \/><\/a><div class='grid-content'><div class='avia-arrow'><\/div><header class=\"entry-content-header\"><h3 class='grid-entry-title entry-title '  itemprop=\"headline\" ><a href='https:\/\/www.arquimedes.com.br\/novosite\/portfolio-item\/nr-06-equipamento-de-protecao-individual-e-p-is\/' title='NR 06 \u2013 EQUIPAMENTO DE PROTE\u00c7\u00c3O INDIVIDUAL &#8211; EPI.'>NR 06 \u2013 EQUIPAMENTO DE PROTE\u00c7\u00c3O INDIVIDUAL &#8211; EPI.<\/a><\/h3><\/header><\/div><footer class=\"entry-footer\"><\/footer><\/article><\/div><div data-ajax-id='3756' class=' grid-entry flex_column isotope-item all_sort no_margin post-entry post-entry-3756 grid-entry-overview grid-loop-4 grid-parity-even  atendimento-corporativo_sort curso_sort cursos-e-treinamentos-normativos_sort nr10-profissionalizante_sort profissionalizante_sort seguranca-e-meio-ambiente_sort  av_one_fourth  default_av_fullwidth '><article class='main_color inner-entry'  itemscope=\"itemscope\" itemtype=\"https:\/\/schema.org\/CreativeWork\" ><a href=\"https:\/\/www.arquimedes.com.br\/novosite\/portfolio-item\/nr-10-reciclagem\/\" title='NR 10 \u2013 RECICLAGEM'  data-rel='grid-1' class='grid-image avia-hover-fx'> <img fetchpriority=\"high\" fetchpriority=\"high\" decoding=\"async\" fetchpriority=\"high\" width=\"260\" height=\"185\" src=\"https:\/\/www.arquimedes.com.br\/novosite\/wp-content\/uploads\/2020\/06\/nr10-350x250--260x185.jpg\" class=\"wp-image-4517 avia-img-lazy-loading-not-4517 attachment-portfolio_small size-portfolio_small wp-post-image\" alt=\"NR 10 \u2013 Reciclagem\" srcset=\"https:\/\/www.arquimedes.com.br\/novosite\/wp-content\/uploads\/2020\/06\/nr10-350x250--260x185.jpg 260w, https:\/\/www.arquimedes.com.br\/novosite\/wp-content\/uploads\/2020\/06\/nr10-350x250--300x214.jpg 300w, https:\/\/www.arquimedes.com.br\/novosite\/wp-content\/uploads\/2020\/06\/nr10-350x250-.jpg 350w\" sizes=\"(max-width: 260px) 100vw, 260px\" \/><\/a><div class='grid-content'><div class='avia-arrow'><\/div><header class=\"entry-content-header\"><h3 class='grid-entry-title entry-title '  itemprop=\"headline\" ><a href='https:\/\/www.arquimedes.com.br\/novosite\/portfolio-item\/nr-10-reciclagem\/' title='NR 10 \u2013 RECICLAGEM'>NR 10 \u2013 RECICLAGEM<\/a><\/h3><\/header><\/div><footer class=\"entry-footer\"><\/footer><\/article><\/div><div data-ajax-id='3678' class=' grid-entry flex_column isotope-item all_sort no_margin post-entry post-entry-3678 grid-entry-overview grid-loop-5 grid-parity-odd  atendimento-corporativo_sort curso_sort cursos-e-treinamentos-normativos_sort eletroeletronica-e-automacao_sort nr10_sort profissionalizante_sort seguranca-e-meio-ambiente_sort  av_one_fourth first default_av_fullwidth '><article class='main_color inner-entry'  itemscope=\"itemscope\" itemtype=\"https:\/\/schema.org\/CreativeWork\" ><a href=\"https:\/\/www.arquimedes.com.br\/novosite\/portfolio-item\/nr-10-formacao\/\" title='NR 10 \u2013 SEGURAN\u00c7A EM INSTALA\u00c7\u00d5ES E SERVI\u00c7OS EM ELETRICIDADE | FORMA\u00c7\u00c3O: 40 HORAS'  data-rel='grid-1' class='grid-image avia-hover-fx'> <img fetchpriority=\"high\" fetchpriority=\"high\" decoding=\"async\" fetchpriority=\"high\" width=\"260\" height=\"185\" src=\"https:\/\/www.arquimedes.com.br\/novosite\/wp-content\/uploads\/2020\/06\/nr10-350x250--260x185.jpg\" class=\"wp-image-4517 avia-img-lazy-loading-not-4517 attachment-portfolio_small size-portfolio_small wp-post-image\" alt=\"NR 10 \u2013 Reciclagem\" srcset=\"https:\/\/www.arquimedes.com.br\/novosite\/wp-content\/uploads\/2020\/06\/nr10-350x250--260x185.jpg 260w, https:\/\/www.arquimedes.com.br\/novosite\/wp-content\/uploads\/2020\/06\/nr10-350x250--300x214.jpg 300w, https:\/\/www.arquimedes.com.br\/novosite\/wp-content\/uploads\/2020\/06\/nr10-350x250-.jpg 350w\" sizes=\"(max-width: 260px) 100vw, 260px\" \/><\/a><div class='grid-content'><div class='avia-arrow'><\/div><header class=\"entry-content-header\"><h3 class='grid-entry-title entry-title '  itemprop=\"headline\" ><a href='https:\/\/www.arquimedes.com.br\/novosite\/portfolio-item\/nr-10-formacao\/' title='NR 10 \u2013 SEGURAN\u00c7A EM INSTALA\u00c7\u00d5ES E SERVI\u00c7OS EM ELETRICIDADE | FORMA\u00c7\u00c3O: 40 HORAS'>NR 10 \u2013 SEGURAN\u00c7A EM INSTALA\u00c7\u00d5ES E SERVI\u00c7OS EM ELETRICIDADE | FORMA\u00c7\u00c3O: 40 HORAS<\/a><\/h3><\/header><\/div><footer class=\"entry-footer\"><\/footer><\/article><\/div><div data-ajax-id='3759' class=' grid-entry flex_column isotope-item all_sort no_margin post-entry post-entry-3759 grid-entry-overview grid-loop-6 grid-parity-even  atendimento-corporativo_sort curso_sort cursos-e-treinamentos-normativos_sort nr-11_sort profissionalizante_sort seguranca-e-meio-ambiente_sort  av_one_fourth  default_av_fullwidth '><article class='main_color inner-entry'  itemscope=\"itemscope\" itemtype=\"https:\/\/schema.org\/CreativeWork\" ><a href=\"https:\/\/www.arquimedes.com.br\/novosite\/portfolio-item\/nr-11-operador-de-empilhadeira\/\" title='NR 11 \u2013 OPERADOR DE EMPILHADEIRA'  data-rel='grid-1' class='grid-image avia-hover-fx'> <img fetchpriority=\"high\" fetchpriority=\"high\" decoding=\"async\" fetchpriority=\"high\" width=\"260\" height=\"185\" src=\"https:\/\/www.arquimedes.com.br\/novosite\/wp-content\/uploads\/2020\/06\/nr11-350x250-1-260x185.jpg\" class=\"wp-image-4514 avia-img-lazy-loading-not-4514 attachment-portfolio_small size-portfolio_small wp-post-image\" alt=\"\" srcset=\"https:\/\/www.arquimedes.com.br\/novosite\/wp-content\/uploads\/2020\/06\/nr11-350x250-1-260x185.jpg 260w, https:\/\/www.arquimedes.com.br\/novosite\/wp-content\/uploads\/2020\/06\/nr11-350x250-1-300x214.jpg 300w, https:\/\/www.arquimedes.com.br\/novosite\/wp-content\/uploads\/2020\/06\/nr11-350x250-1.jpg 350w\" sizes=\"(max-width: 260px) 100vw, 260px\" \/><\/a><div class='grid-content'><div class='avia-arrow'><\/div><header class=\"entry-content-header\"><h3 class='grid-entry-title entry-title '  itemprop=\"headline\" ><a href='https:\/\/www.arquimedes.com.br\/novosite\/portfolio-item\/nr-11-operador-de-empilhadeira\/' title='NR 11 \u2013 OPERADOR DE EMPILHADEIRA'>NR 11 \u2013 OPERADOR DE EMPILHADEIRA<\/a><\/h3><\/header><\/div><footer class=\"entry-footer\"><\/footer><\/article><\/div><div data-ajax-id='3763' class=' grid-entry flex_column isotope-item all_sort no_margin post-entry post-entry-3763 grid-entry-overview grid-loop-7 grid-parity-odd  atendimento-corporativo_sort curso_sort cursos-e-treinamentos-normativos_sort nr-17_sort profissionalizante_sort seguranca-e-meio-ambiente_sort  av_one_fourth  default_av_fullwidth '><article class='main_color inner-entry'  itemscope=\"itemscope\" itemtype=\"https:\/\/schema.org\/CreativeWork\" ><a href=\"https:\/\/www.arquimedes.com.br\/novosite\/portfolio-item\/nr-17-ergonomia-da-prevencao-de-ler-dort\/\" title='NR 17 \u2013 ERGONOMIA DA PREVEN\u00c7\u00c3O DE LER\/DORT'  data-rel='grid-1' class='grid-image avia-hover-fx'> <img fetchpriority=\"high\" fetchpriority=\"high\" decoding=\"async\" fetchpriority=\"high\" width=\"260\" height=\"185\" src=\"https:\/\/www.arquimedes.com.br\/novosite\/wp-content\/uploads\/2020\/06\/nr17-350x250-1-260x185.jpg\" class=\"wp-image-4509 avia-img-lazy-loading-not-4509 attachment-portfolio_small size-portfolio_small wp-post-image\" alt=\"\" srcset=\"https:\/\/www.arquimedes.com.br\/novosite\/wp-content\/uploads\/2020\/06\/nr17-350x250-1-260x185.jpg 260w, https:\/\/www.arquimedes.com.br\/novosite\/wp-content\/uploads\/2020\/06\/nr17-350x250-1-300x214.jpg 300w, https:\/\/www.arquimedes.com.br\/novosite\/wp-content\/uploads\/2020\/06\/nr17-350x250-1.jpg 350w\" sizes=\"(max-width: 260px) 100vw, 260px\" \/><\/a><div class='grid-content'><div class='avia-arrow'><\/div><header class=\"entry-content-header\"><h3 class='grid-entry-title entry-title '  itemprop=\"headline\" ><a href='https:\/\/www.arquimedes.com.br\/novosite\/portfolio-item\/nr-17-ergonomia-da-prevencao-de-ler-dort\/' title='NR 17 \u2013 ERGONOMIA DA PREVEN\u00c7\u00c3O DE LER\/DORT'>NR 17 \u2013 ERGONOMIA DA PREVEN\u00c7\u00c3O DE LER\/DORT<\/a><\/h3><\/header><\/div><footer class=\"entry-footer\"><\/footer><\/article><\/div><div data-ajax-id='4222' class=' grid-entry flex_column isotope-item all_sort no_margin post-entry post-entry-4222 grid-entry-overview grid-loop-8 grid-parity-even  curso_sort nr35-reciclagem_sort profissionalizante_sort seguranca-e-meio-ambiente_sort  av_one_fourth  default_av_fullwidth '><article class='main_color inner-entry'  itemscope=\"itemscope\" itemtype=\"https:\/\/schema.org\/CreativeWork\" ><a href=\"https:\/\/www.arquimedes.com.br\/novosite\/portfolio-item\/nr35-reciclagem\/\" title='NR 35 &#8211; RECICLAGEM'  data-rel='grid-1' class='grid-image avia-hover-fx'> <img fetchpriority=\"high\" fetchpriority=\"high\" decoding=\"async\" fetchpriority=\"high\" width=\"260\" height=\"185\" src=\"https:\/\/www.arquimedes.com.br\/novosite\/wp-content\/uploads\/2020\/07\/nr35-350x250-1-260x185.jpg\" class=\"wp-image-4489 avia-img-lazy-loading-not-4489 attachment-portfolio_small size-portfolio_small wp-post-image\" alt=\"NR 35\" srcset=\"https:\/\/www.arquimedes.com.br\/novosite\/wp-content\/uploads\/2020\/07\/nr35-350x250-1-260x185.jpg 260w, https:\/\/www.arquimedes.com.br\/novosite\/wp-content\/uploads\/2020\/07\/nr35-350x250-1-300x214.jpg 300w, https:\/\/www.arquimedes.com.br\/novosite\/wp-content\/uploads\/2020\/07\/nr35-350x250-1.jpg 350w\" sizes=\"(max-width: 260px) 100vw, 260px\" \/><\/a><div class='grid-content'><div class='avia-arrow'><\/div><header class=\"entry-content-header\"><h3 class='grid-entry-title entry-title '  itemprop=\"headline\" ><a href='https:\/\/www.arquimedes.com.br\/novosite\/portfolio-item\/nr35-reciclagem\/' title='NR 35 &#8211; RECICLAGEM'>NR 35 &#8211; RECICLAGEM<\/a><\/h3><\/header><\/div><footer class=\"entry-footer\"><\/footer><\/article><\/div><div data-ajax-id='6241' class=' grid-entry flex_column isotope-item all_sort no_margin post-entry post-entry-6241 grid-entry-overview grid-loop-9 grid-parity-odd  post-entry-last  curso_sort cursos-e-treinamentos-normativos_sort profissionalizante_sort seguranca-e-meio-ambiente_sort  av_one_fourth first default_av_fullwidth '><article class='main_color inner-entry'  itemscope=\"itemscope\" itemtype=\"https:\/\/schema.org\/CreativeWork\" ><a href=\"https:\/\/www.arquimedes.com.br\/novosite\/portfolio-item\/nr35\/\" title='NR 35 &#8211; SEGURAN\u00c7A NO TRABALHO EM ALTURA.'  data-rel='grid-1' class='grid-image avia-hover-fx'> <img fetchpriority=\"high\" fetchpriority=\"high\" decoding=\"async\" fetchpriority=\"high\" width=\"260\" height=\"185\" src=\"https:\/\/www.arquimedes.com.br\/novosite\/wp-content\/uploads\/2020\/07\/nr35-350x250-1-260x185.jpg\" class=\"wp-image-4489 avia-img-lazy-loading-not-4489 attachment-portfolio_small size-portfolio_small wp-post-image\" alt=\"NR 35\" srcset=\"https:\/\/www.arquimedes.com.br\/novosite\/wp-content\/uploads\/2020\/07\/nr35-350x250-1-260x185.jpg 260w, https:\/\/www.arquimedes.com.br\/novosite\/wp-content\/uploads\/2020\/07\/nr35-350x250-1-300x214.jpg 300w, https:\/\/www.arquimedes.com.br\/novosite\/wp-content\/uploads\/2020\/07\/nr35-350x250-1.jpg 350w\" sizes=\"(max-width: 260px) 100vw, 260px\" \/><\/a><div class='grid-content'><div class='avia-arrow'><\/div><header class=\"entry-content-header\"><h3 class='grid-entry-title entry-title '  itemprop=\"headline\" ><a href='https:\/\/www.arquimedes.com.br\/novosite\/portfolio-item\/nr35\/' title='NR 35 &#8211; SEGURAN\u00c7A NO TRABALHO EM ALTURA.'>NR 35 &#8211; SEGURAN\u00c7A NO TRABALHO EM ALTURA.<\/a><\/h3><\/header><\/div><footer class=\"entry-footer\"><\/footer><\/article><\/div><\/div><\/div>   <!--   class=\"av-portfolio-grid-sorting-container\"  --><\/p><\/div>\n","protected":false},"excerpt":{"rendered":"","protected":false},"author":2,"featured_media":0,"parent":0,"menu_order":0,"comment_status":"closed","ping_status":"closed","template":"","meta":{"footnotes":""},"class_list":["post-4200","page","type-page","status-publish","hentry"],"_links":{"self":[{"href":"https:\/\/www.arquimedes.com.br\/novosite\/wp-json\/wp\/v2\/pages\/4200","targetHints":{"allow":["GET"]}}],"collection":[{"href":"https:\/\/www.arquimedes.com.br\/novosite\/wp-json\/wp\/v2\/pages"}],"about":[{"href":"https:\/\/www.arquimedes.com.br\/novosite\/wp-json\/wp\/v2\/types\/page"}],"author":[{"embeddable":true,"href":"https:\/\/www.arquimedes.com.br\/novosite\/wp-json\/wp\/v2\/users\/2"}],"replies":[{"embeddable":true,"href":"https:\/\/www.arquimedes.com.br\/novosite\/wp-json\/wp\/v2\/comments?post=4200"}],"version-history":[{"count":5,"href":"https:\/\/www.arquimedes.com.br\/novosite\/wp-json\/wp\/v2\/pages\/4200\/revisions"}],"predecessor-version":[{"id":6468,"href":"https:\/\/www.arquimedes.com.br\/novosite\/wp-json\/wp\/v2\/pages\/4200\/revisions\/6468"}],"wp:attachment":[{"href":"https:\/\/www.arquimedes.com.br\/novosite\/wp-json\/wp\/v2\/media?parent=4200"}],"curies":[{"name":"wp","href":"https:\/\/api.w.org\/{rel}","templated":true}]}}