{"id":4121,"date":"2020-07-16T09:03:24","date_gmt":"2020-07-16T12:03:24","guid":{"rendered":"http:\/\/www.arquimedes.com.br\/novosite\/?page_id=4121"},"modified":"2021-09-14T14:53:04","modified_gmt":"2021-09-14T17:53:04","slug":"refrigeracao-e-linha-branca","status":"publish","type":"page","link":"https:\/\/www.arquimedes.com.br\/novosite\/refrigeracao-e-linha-branca\/","title":{"rendered":"Refrigera\u00e7\u00e3o e Linha Branca"},"content":{"rendered":"\n<style type=\"text\/css\" data-created_by=\"avia_inline_auto\" id=\"style-css-av-2so9jv-ab6eeabe857fd4fe2fd6d32b8f9de8e5\">\n.flex_column.av-2so9jv-ab6eeabe857fd4fe2fd6d32b8f9de8e5{\nborder-radius:0px 0px 0px 0px;\npadding:0px 0px 0px 0px;\n}\n<\/style>\n<div  class='flex_column av-2so9jv-ab6eeabe857fd4fe2fd6d32b8f9de8e5 av_one_full  avia-builder-el-0  avia-builder-el-no-sibling  first flex_column_div av-zero-column-padding  '     ><section  class='av_textblock_section av-klgp1iq6-a5db0958ad12058691ad827b06a842c6 '   itemscope=\"itemscope\" itemtype=\"https:\/\/schema.org\/CreativeWork\" ><div class='avia_textblock'  itemprop=\"text\" ><p style=\"text-align: justify;\">Esse segmento atende \u00e0 demanda de cursos destinados ao p\u00fablico em geral para a forma\u00e7\u00e3o, qualifica\u00e7\u00e3o e capacita\u00e7\u00e3o e, tamb\u00e9m, aos profissionais j\u00e1 atuantes para atualiza\u00e7\u00e3o, reciclagem e especializa\u00e7\u00e3o ou que estejam buscando nova inser\u00e7\u00e3o no mercado de trabalho.<\/p>\n<p style=\"text-align: justify;\">Os cursos s\u00e3o estruturados de acordo com as caracter\u00edsticas dos mercados regionais e setoriais, com base em demandas claramente identificadas no mercado de trabalho.<\/p>\n<p style=\"text-align: justify;\">A dura\u00e7\u00e3o dos cursos depende da \u00e1rea, bem como seus pr\u00e9-requisitos. Dentro deste segmento todos os cursos podem ser adaptados de acordo com as necessidades das empresas e ministrados dentro do segmento \u201cin company\u201d, como cursos\u00a0<em>\u201csob medida para as empresas\u201d.<\/em><\/p>\n<p style=\"text-align: justify;\">A Frequ\u00eancia dos cursos de Forma\u00e7\u00e3o Continuada \u00e9 de 75%,\u00a0<strong>exceto os cursos Normativos,<\/strong>\u00a0cuja\u00a0frequ\u00eancia obrigat\u00f3ria para certifica\u00e7\u00e3o \u00e9\u00a0de\u00a0<strong>100%.<\/strong><\/p>\n<\/div><\/section><br \/>\n<div  id=\"av-sc-portfolio-1\"  class=\"av-portfolio-grid-sorting-container\"><div class='sort_width_container  av-sort-yes' data-portfolio-id='1' ><div id='js_sort_items' ><div class='sort_by_cat hidden'><a href=\"#\" data-filter=\"all_sort\" class=\"all_sort_button active_sort\"><span class=\"inner_sort_button\"><span>Todos<\/span><small class=\"av-cat-count\"> 6 <\/small><\/span><\/a><span class=\"text-sep refrigeracao-e-linha-branca_sort_sep\">\/<\/span><a href=\"#\" data-filter=\"refrigeracao-e-linha-branca_sort\" class=\"refrigeracao-e-linha-branca_sort_button\" ><span class=\"inner_sort_button\"><span>Refrigera\u00e7\u00e3o e Linha Branca<\/span><small class=\"av-cat-count\"> 6 <\/small><\/span><\/a><\/div><\/div><\/div><div  class=' grid-sort-container isotope   no_margin-container with-excerpt-container grid-total-even grid-col-4 grid-links-' data-portfolio-id='1'><div data-ajax-id='4124' class=' grid-entry flex_column isotope-item all_sort no_margin post-entry post-entry-4124 grid-entry-overview grid-loop-1 grid-parity-odd  comandos-eletricos-para-refrigeracao-industrial_sort curso_sort profissionalizante_sort refrigeracao-e-linha-branca_sort  av_one_fourth first default_av_fullwidth '><article class='main_color inner-entry'  itemscope=\"itemscope\" itemtype=\"https:\/\/schema.org\/CreativeWork\" ><a href=\"https:\/\/www.arquimedes.com.br\/novosite\/portfolio-item\/comandos-eletricos-para-refrigeracao-industrial\/\" title='COMANDOS EL\u00c9TRICOS PARA REFRIGERA\u00c7\u00c3O INDUSTRIAL'  data-rel='grid-1' class='grid-image avia-hover-fx'> <img fetchpriority=\"high\" fetchpriority=\"high\" decoding=\"async\" fetchpriority=\"high\" width=\"260\" height=\"185\" src=\"https:\/\/www.arquimedes.com.br\/novosite\/wp-content\/uploads\/2020\/07\/ultimo-260x185.jpg\" class=\"wp-image-4542 avia-img-lazy-loading-not-4542 attachment-portfolio_small size-portfolio_small wp-post-image\" alt=\"\" srcset=\"https:\/\/www.arquimedes.com.br\/novosite\/wp-content\/uploads\/2020\/07\/ultimo-260x185.jpg 260w, https:\/\/www.arquimedes.com.br\/novosite\/wp-content\/uploads\/2020\/07\/ultimo-300x214.jpg 300w, https:\/\/www.arquimedes.com.br\/novosite\/wp-content\/uploads\/2020\/07\/ultimo.jpg 350w\" sizes=\"(max-width: 260px) 100vw, 260px\" \/><\/a><div class='grid-content'><div class='avia-arrow'><\/div><header class=\"entry-content-header\"><h3 class='grid-entry-title entry-title '  itemprop=\"headline\" ><a href='https:\/\/www.arquimedes.com.br\/novosite\/portfolio-item\/comandos-eletricos-para-refrigeracao-industrial\/' title='COMANDOS EL\u00c9TRICOS PARA REFRIGERA\u00c7\u00c3O INDUSTRIAL'>COMANDOS EL\u00c9TRICOS PARA REFRIGERA\u00c7\u00c3O INDUSTRIAL<\/a><\/h3><\/header><\/div><footer class=\"entry-footer\"><\/footer><\/article><\/div><div data-ajax-id='4130' class=' grid-entry flex_column isotope-item all_sort no_margin post-entry post-entry-4130 grid-entry-overview grid-loop-2 grid-parity-even  curso_sort manutencao-de-eletrodomesticos-condicionador-de-ar_sort profissionalizante_sort refrigeracao-e-linha-branca_sort  av_one_fourth  default_av_fullwidth '><article class='main_color inner-entry'  itemscope=\"itemscope\" itemtype=\"https:\/\/schema.org\/CreativeWork\" ><a href=\"https:\/\/www.arquimedes.com.br\/novosite\/portfolio-item\/manutencao-de-eletrodomesticos-condicionador-de-ar\/\" title='MANUTEN\u00c7\u00c3O DE ELETRODOM\u00c9STICOS: CONDICIONADOR DE AR'  data-rel='grid-1' class='grid-image avia-hover-fx'> <img fetchpriority=\"high\" fetchpriority=\"high\" decoding=\"async\" fetchpriority=\"high\" width=\"260\" height=\"185\" src=\"https:\/\/www.arquimedes.com.br\/novosite\/wp-content\/uploads\/2020\/07\/manuten\u00e7\u00e3o-250x350-condi-260x185.jpg\" class=\"wp-image-4538 avia-img-lazy-loading-not-4538 attachment-portfolio_small size-portfolio_small wp-post-image\" alt=\"\" srcset=\"https:\/\/www.arquimedes.com.br\/novosite\/wp-content\/uploads\/2020\/07\/manuten\u00e7\u00e3o-250x350-condi-260x185.jpg 260w, https:\/\/www.arquimedes.com.br\/novosite\/wp-content\/uploads\/2020\/07\/manuten\u00e7\u00e3o-250x350-condi-300x214.jpg 300w, https:\/\/www.arquimedes.com.br\/novosite\/wp-content\/uploads\/2020\/07\/manuten\u00e7\u00e3o-250x350-condi.jpg 350w\" sizes=\"(max-width: 260px) 100vw, 260px\" \/><\/a><div class='grid-content'><div class='avia-arrow'><\/div><header class=\"entry-content-header\"><h3 class='grid-entry-title entry-title '  itemprop=\"headline\" ><a href='https:\/\/www.arquimedes.com.br\/novosite\/portfolio-item\/manutencao-de-eletrodomesticos-condicionador-de-ar\/' title='MANUTEN\u00c7\u00c3O DE ELETRODOM\u00c9STICOS: CONDICIONADOR DE AR'>MANUTEN\u00c7\u00c3O DE ELETRODOM\u00c9STICOS: CONDICIONADOR DE AR<\/a><\/h3><\/header><\/div><footer class=\"entry-footer\"><\/footer><\/article><\/div><div data-ajax-id='4134' class=' grid-entry flex_column isotope-item all_sort no_margin post-entry post-entry-4134 grid-entry-overview grid-loop-3 grid-parity-odd  curso_sort manutencao-de-eletrodomesticos-lavanderia-e-coccao_sort profissionalizante_sort refrigeracao-e-linha-branca_sort  av_one_fourth  default_av_fullwidth '><article class='main_color inner-entry'  itemscope=\"itemscope\" itemtype=\"https:\/\/schema.org\/CreativeWork\" ><a href=\"https:\/\/www.arquimedes.com.br\/novosite\/portfolio-item\/manutencao-de-eletrodomesticos-lavanderia-e-coccao\/\" title='MANUTEN\u00c7\u00c3O DE ELETRODOM\u00c9STICOS: LAVANDERIA E COC\u00c7\u00c3O'  data-rel='grid-1' class='grid-image avia-hover-fx'> <img fetchpriority=\"high\" fetchpriority=\"high\" decoding=\"async\" fetchpriority=\"high\" width=\"260\" height=\"185\" src=\"https:\/\/www.arquimedes.com.br\/novosite\/wp-content\/uploads\/2020\/07\/manuten\u00e7\u00e3o-250x350-1-260x185.jpg\" class=\"wp-image-4534 avia-img-lazy-loading-not-4534 attachment-portfolio_small size-portfolio_small wp-post-image\" alt=\"\" srcset=\"https:\/\/www.arquimedes.com.br\/novosite\/wp-content\/uploads\/2020\/07\/manuten\u00e7\u00e3o-250x350-1-260x185.jpg 260w, https:\/\/www.arquimedes.com.br\/novosite\/wp-content\/uploads\/2020\/07\/manuten\u00e7\u00e3o-250x350-1-300x214.jpg 300w, https:\/\/www.arquimedes.com.br\/novosite\/wp-content\/uploads\/2020\/07\/manuten\u00e7\u00e3o-250x350-1.jpg 350w\" sizes=\"(max-width: 260px) 100vw, 260px\" \/><\/a><div class='grid-content'><div class='avia-arrow'><\/div><header class=\"entry-content-header\"><h3 class='grid-entry-title entry-title '  itemprop=\"headline\" ><a href='https:\/\/www.arquimedes.com.br\/novosite\/portfolio-item\/manutencao-de-eletrodomesticos-lavanderia-e-coccao\/' title='MANUTEN\u00c7\u00c3O DE ELETRODOM\u00c9STICOS: LAVANDERIA E COC\u00c7\u00c3O'>MANUTEN\u00c7\u00c3O DE ELETRODOM\u00c9STICOS: LAVANDERIA E COC\u00c7\u00c3O<\/a><\/h3><\/header><\/div><footer class=\"entry-footer\"><\/footer><\/article><\/div><div data-ajax-id='4140' class=' grid-entry flex_column isotope-item all_sort no_margin post-entry post-entry-4140 grid-entry-overview grid-loop-4 grid-parity-even  curso_sort profissionalizante_sort refrigeracao-comercial_sort refrigeracao-e-linha-branca_sort  av_one_fourth  default_av_fullwidth '><article class='main_color inner-entry'  itemscope=\"itemscope\" itemtype=\"https:\/\/schema.org\/CreativeWork\" ><a href=\"https:\/\/www.arquimedes.com.br\/novosite\/portfolio-item\/refrigeracao-comercial\/\" title='REFRIGERA\u00c7\u00c3O COMERCIAL'  data-rel='grid-1' class='grid-image avia-hover-fx'> <img fetchpriority=\"high\" fetchpriority=\"high\" decoding=\"async\" fetchpriority=\"high\" width=\"260\" height=\"185\" src=\"https:\/\/www.arquimedes.com.br\/novosite\/wp-content\/uploads\/2020\/07\/350x250comercial-260x185.jpg\" class=\"wp-image-4530 avia-img-lazy-loading-not-4530 attachment-portfolio_small size-portfolio_small wp-post-image\" alt=\"\" srcset=\"https:\/\/www.arquimedes.com.br\/novosite\/wp-content\/uploads\/2020\/07\/350x250comercial-260x185.jpg 260w, https:\/\/www.arquimedes.com.br\/novosite\/wp-content\/uploads\/2020\/07\/350x250comercial-300x214.jpg 300w, https:\/\/www.arquimedes.com.br\/novosite\/wp-content\/uploads\/2020\/07\/350x250comercial.jpg 350w\" sizes=\"(max-width: 260px) 100vw, 260px\" \/><\/a><div class='grid-content'><div class='avia-arrow'><\/div><header class=\"entry-content-header\"><h3 class='grid-entry-title entry-title '  itemprop=\"headline\" ><a href='https:\/\/www.arquimedes.com.br\/novosite\/portfolio-item\/refrigeracao-comercial\/' title='REFRIGERA\u00c7\u00c3O COMERCIAL'>REFRIGERA\u00c7\u00c3O COMERCIAL<\/a><\/h3><\/header><\/div><footer class=\"entry-footer\"><\/footer><\/article><\/div><div data-ajax-id='4145' class=' grid-entry flex_column isotope-item all_sort no_margin post-entry post-entry-4145 grid-entry-overview grid-loop-5 grid-parity-odd  curso_sort profissionalizante_sort refrigeracao-domestica-e-condicionador-de-ar_sort refrigeracao-e-linha-branca_sort  av_one_fourth first default_av_fullwidth '><article class='main_color inner-entry'  itemscope=\"itemscope\" itemtype=\"https:\/\/schema.org\/CreativeWork\" ><a href=\"https:\/\/www.arquimedes.com.br\/novosite\/portfolio-item\/refrigeracao-domestica-e-condicionador-de-ar\/\" title='REFRIGERA\u00c7\u00c3O DOM\u00c9STICA E CONDICIONADOR DE AR'  data-rel='grid-1' class='grid-image avia-hover-fx'> <img fetchpriority=\"high\" fetchpriority=\"high\" decoding=\"async\" fetchpriority=\"high\" width=\"260\" height=\"185\" src=\"https:\/\/www.arquimedes.com.br\/novosite\/wp-content\/uploads\/2020\/07\/condionador-de-ar350x250-260x185.jpg\" class=\"wp-image-4525 avia-img-lazy-loading-not-4525 attachment-portfolio_small size-portfolio_small wp-post-image\" alt=\"\" srcset=\"https:\/\/www.arquimedes.com.br\/novosite\/wp-content\/uploads\/2020\/07\/condionador-de-ar350x250-260x185.jpg 260w, https:\/\/www.arquimedes.com.br\/novosite\/wp-content\/uploads\/2020\/07\/condionador-de-ar350x250-300x214.jpg 300w, https:\/\/www.arquimedes.com.br\/novosite\/wp-content\/uploads\/2020\/07\/condionador-de-ar350x250.jpg 350w\" sizes=\"(max-width: 260px) 100vw, 260px\" \/><\/a><div class='grid-content'><div class='avia-arrow'><\/div><header class=\"entry-content-header\"><h3 class='grid-entry-title entry-title '  itemprop=\"headline\" ><a href='https:\/\/www.arquimedes.com.br\/novosite\/portfolio-item\/refrigeracao-domestica-e-condicionador-de-ar\/' title='REFRIGERA\u00c7\u00c3O DOM\u00c9STICA E CONDICIONADOR DE AR'>REFRIGERA\u00c7\u00c3O DOM\u00c9STICA E CONDICIONADOR DE AR<\/a><\/h3><\/header><\/div><footer class=\"entry-footer\"><\/footer><\/article><\/div><div data-ajax-id='4150' class=' grid-entry flex_column isotope-item all_sort no_margin post-entry post-entry-4150 grid-entry-overview grid-loop-6 grid-parity-even  post-entry-last  curso_sort profissionalizante_sort refrigeracao-e-linha-branca_sort refrigeracao-e-linha-branca-refrigeracao-e-linha-branca_sort  av_one_fourth  default_av_fullwidth '><article class='main_color inner-entry'  itemscope=\"itemscope\" itemtype=\"https:\/\/schema.org\/CreativeWork\" ><a href=\"https:\/\/www.arquimedes.com.br\/novosite\/portfolio-item\/refrigeracao-e-linha-branca\/\" title='REFRIGERA\u00c7\u00c3O E LINHA BRANCA'  data-rel='grid-1' class='grid-image avia-hover-fx'> <img fetchpriority=\"high\" fetchpriority=\"high\" decoding=\"async\" fetchpriority=\"high\" width=\"260\" height=\"185\" src=\"https:\/\/www.arquimedes.com.br\/novosite\/wp-content\/uploads\/2020\/07\/linha-branca-260x185.jpg\" class=\"wp-image-4528 avia-img-lazy-loading-not-4528 attachment-portfolio_small size-portfolio_small wp-post-image\" alt=\"Refrigera\u00e7\u00e3o e Linha branca\" srcset=\"https:\/\/www.arquimedes.com.br\/novosite\/wp-content\/uploads\/2020\/07\/linha-branca-260x185.jpg 260w, https:\/\/www.arquimedes.com.br\/novosite\/wp-content\/uploads\/2020\/07\/linha-branca-300x214.jpg 300w, https:\/\/www.arquimedes.com.br\/novosite\/wp-content\/uploads\/2020\/07\/linha-branca.jpg 350w\" sizes=\"(max-width: 260px) 100vw, 260px\" \/><\/a><div class='grid-content'><div class='avia-arrow'><\/div><header class=\"entry-content-header\"><h3 class='grid-entry-title entry-title '  itemprop=\"headline\" ><a href='https:\/\/www.arquimedes.com.br\/novosite\/portfolio-item\/refrigeracao-e-linha-branca\/' title='REFRIGERA\u00c7\u00c3O E LINHA BRANCA'>REFRIGERA\u00c7\u00c3O E LINHA BRANCA<\/a><\/h3><\/header><\/div><footer class=\"entry-footer\"><\/footer><\/article><\/div><\/div><\/div>   <!--   class=\"av-portfolio-grid-sorting-container\"  --><\/p><\/div>\n","protected":false},"excerpt":{"rendered":"","protected":false},"author":2,"featured_media":0,"parent":0,"menu_order":0,"comment_status":"closed","ping_status":"closed","template":"","meta":{"footnotes":""},"class_list":["post-4121","page","type-page","status-publish","hentry"],"_links":{"self":[{"href":"https:\/\/www.arquimedes.com.br\/novosite\/wp-json\/wp\/v2\/pages\/4121","targetHints":{"allow":["GET"]}}],"collection":[{"href":"https:\/\/www.arquimedes.com.br\/novosite\/wp-json\/wp\/v2\/pages"}],"about":[{"href":"https:\/\/www.arquimedes.com.br\/novosite\/wp-json\/wp\/v2\/types\/page"}],"author":[{"embeddable":true,"href":"https:\/\/www.arquimedes.com.br\/novosite\/wp-json\/wp\/v2\/users\/2"}],"replies":[{"embeddable":true,"href":"https:\/\/www.arquimedes.com.br\/novosite\/wp-json\/wp\/v2\/comments?post=4121"}],"version-history":[{"count":4,"href":"https:\/\/www.arquimedes.com.br\/novosite\/wp-json\/wp\/v2\/pages\/4121\/revisions"}],"predecessor-version":[{"id":5425,"href":"https:\/\/www.arquimedes.com.br\/novosite\/wp-json\/wp\/v2\/pages\/4121\/revisions\/5425"}],"wp:attachment":[{"href":"https:\/\/www.arquimedes.com.br\/novosite\/wp-json\/wp\/v2\/media?parent=4121"}],"curies":[{"name":"wp","href":"https:\/\/api.w.org\/{rel}","templated":true}]}}