{"id":4071,"date":"2020-07-13T17:06:56","date_gmt":"2020-07-13T20:06:56","guid":{"rendered":"http:\/\/www.arquimedes.com.br\/novosite\/?page_id=4071"},"modified":"2021-09-14T14:52:27","modified_gmt":"2021-09-14T17:52:27","slug":"metalurgica-desenho-mecanico-e-qualidade","status":"publish","type":"page","link":"https:\/\/www.arquimedes.com.br\/novosite\/metalurgica-desenho-mecanico-e-qualidade\/","title":{"rendered":"Metal\u00fargica &#8211; Desenho Mec\u00e2nico e Qualidade"},"content":{"rendered":"\n<style type=\"text\/css\" data-created_by=\"avia_inline_auto\" id=\"style-css-av-2so9jv-ab6eeabe857fd4fe2fd6d32b8f9de8e5\">\n.flex_column.av-2so9jv-ab6eeabe857fd4fe2fd6d32b8f9de8e5{\nborder-radius:0px 0px 0px 0px;\npadding:0px 0px 0px 0px;\n}\n<\/style>\n<div  class='flex_column av-2so9jv-ab6eeabe857fd4fe2fd6d32b8f9de8e5 av_one_full  avia-builder-el-0  avia-builder-el-no-sibling  first flex_column_div av-zero-column-padding  '     ><section  class='av_textblock_section av-klgoye4i-ed6dd67464b3e95bad65001409f52de6 '   itemscope=\"itemscope\" itemtype=\"https:\/\/schema.org\/CreativeWork\" ><div class='avia_textblock'  itemprop=\"text\" ><p style=\"text-align: justify;\">Esse segmento atende \u00e0 demanda de cursos destinados ao p\u00fablico em geral para a forma\u00e7\u00e3o, qualifica\u00e7\u00e3o e capacita\u00e7\u00e3o e, tamb\u00e9m, aos profissionais j\u00e1 atuantes para atualiza\u00e7\u00e3o, reciclagem e especializa\u00e7\u00e3o ou que estejam buscando nova inser\u00e7\u00e3o no mercado de trabalho.<\/p>\n<p style=\"text-align: justify;\">Os cursos s\u00e3o estruturados de acordo com as caracter\u00edsticas dos mercados regionais e setoriais, com base em demandas claramente identificadas no mercado de trabalho.<\/p>\n<p style=\"text-align: justify;\">A dura\u00e7\u00e3o dos cursos depende da \u00e1rea, bem como seus pr\u00e9-requisitos. Dentro deste segmento todos os cursos podem ser adaptados de acordo com as necessidades das empresas e ministrados dentro do segmento \u201cin company\u201d, como cursos\u00a0<em>\u201csob medida para as empresas\u201d.<\/em><\/p>\n<p style=\"text-align: justify;\">A Frequ\u00eancia dos cursos de Forma\u00e7\u00e3o Continuada \u00e9 de 75%,\u00a0<strong>exceto os cursos Normativos,<\/strong>\u00a0cuja\u00a0frequ\u00eancia obrigat\u00f3ria para certifica\u00e7\u00e3o \u00e9\u00a0de\u00a0<strong>100%.<\/strong><\/p>\n<\/div><\/section><br \/>\n<div  id=\"av-sc-portfolio-1\"  class=\"av-portfolio-grid-sorting-container\"><div class='sort_width_container  av-sort-yes' data-portfolio-id='1' ><div id='js_sort_items' ><div class='sort_by_cat hidden'><a href=\"#\" data-filter=\"all_sort\" class=\"all_sort_button active_sort\"><span class=\"inner_sort_button\"><span>Todos<\/span><small class=\"av-cat-count\"> 10 <\/small><\/span><\/a><span class=\"text-sep metalurgica-desenho-mecanico-e-qualidade_sort_sep\">\/<\/span><a href=\"#\" data-filter=\"metalurgica-desenho-mecanico-e-qualidade_sort\" class=\"metalurgica-desenho-mecanico-e-qualidade_sort_button\" ><span class=\"inner_sort_button\"><span>Metal\u00fargica - Desenho Mec\u00e2nico e Qualidade<\/span><small class=\"av-cat-count\"> 10 <\/small><\/span><\/a><\/div><\/div><\/div><div  class=' grid-sort-container isotope   no_margin-container with-excerpt-container grid-total-even grid-col-4 grid-links-' data-portfolio-id='1'><div data-ajax-id='4074' class=' grid-entry flex_column isotope-item all_sort no_margin post-entry post-entry-4074 grid-entry-overview grid-loop-1 grid-parity-odd  curso_sort desenhista-de-mecanica_sort metalurgica-desenho-mecanico-e-qualidade_sort profissionalizante_sort  av_one_fourth first default_av_fullwidth '><article class='main_color inner-entry'  itemscope=\"itemscope\" itemtype=\"https:\/\/schema.org\/CreativeWork\" ><a href=\"https:\/\/www.arquimedes.com.br\/novosite\/portfolio-item\/desenhista-de-mecanica\/\" title='DESENHISTA DE MEC\u00c2NICA COM CAD'  data-rel='grid-1' class='grid-image avia-hover-fx'> <img fetchpriority=\"high\" fetchpriority=\"high\" decoding=\"async\" fetchpriority=\"high\" width=\"260\" height=\"185\" src=\"https:\/\/www.arquimedes.com.br\/novosite\/wp-content\/uploads\/2020\/07\/350x250-desenhista-mecanico-260x185.jpg\" class=\"wp-image-4482 avia-img-lazy-loading-not-4482 attachment-portfolio_small size-portfolio_small wp-post-image\" alt=\"\" srcset=\"https:\/\/www.arquimedes.com.br\/novosite\/wp-content\/uploads\/2020\/07\/350x250-desenhista-mecanico-260x185.jpg 260w, https:\/\/www.arquimedes.com.br\/novosite\/wp-content\/uploads\/2020\/07\/350x250-desenhista-mecanico-300x214.jpg 300w, https:\/\/www.arquimedes.com.br\/novosite\/wp-content\/uploads\/2020\/07\/350x250-desenhista-mecanico.jpg 350w\" sizes=\"(max-width: 260px) 100vw, 260px\" \/><\/a><div class='grid-content'><div class='avia-arrow'><\/div><header class=\"entry-content-header\"><h3 class='grid-entry-title entry-title '  itemprop=\"headline\" ><a href='https:\/\/www.arquimedes.com.br\/novosite\/portfolio-item\/desenhista-de-mecanica\/' title='DESENHISTA DE MEC\u00c2NICA COM CAD'>DESENHISTA DE MEC\u00c2NICA COM CAD<\/a><\/h3><\/header><\/div><footer class=\"entry-footer\"><\/footer><\/article><\/div><div data-ajax-id='4080' class=' grid-entry flex_column isotope-item all_sort no_margin post-entry post-entry-4080 grid-entry-overview grid-loop-2 grid-parity-even  curso_sort encanador-industrial_sort metalurgica-desenho-mecanico-e-qualidade_sort profissionalizante_sort  av_one_fourth  default_av_fullwidth '><article class='main_color inner-entry'  itemscope=\"itemscope\" itemtype=\"https:\/\/schema.org\/CreativeWork\" ><a href=\"https:\/\/www.arquimedes.com.br\/novosite\/portfolio-item\/encanador-industrial\/\" title='ENCANADOR INDUSTRIAL'  data-rel='grid-1' class='grid-image avia-hover-fx'> <img fetchpriority=\"high\" fetchpriority=\"high\" decoding=\"async\" fetchpriority=\"high\" width=\"260\" height=\"185\" src=\"https:\/\/www.arquimedes.com.br\/novosite\/wp-content\/uploads\/2020\/07\/350x250encanador_industrial-260x185.jpg\" class=\"wp-image-4476 avia-img-lazy-loading-not-4476 attachment-portfolio_small size-portfolio_small wp-post-image\" alt=\"\" srcset=\"https:\/\/www.arquimedes.com.br\/novosite\/wp-content\/uploads\/2020\/07\/350x250encanador_industrial-260x185.jpg 260w, https:\/\/www.arquimedes.com.br\/novosite\/wp-content\/uploads\/2020\/07\/350x250encanador_industrial-300x214.jpg 300w, https:\/\/www.arquimedes.com.br\/novosite\/wp-content\/uploads\/2020\/07\/350x250encanador_industrial.jpg 350w\" sizes=\"(max-width: 260px) 100vw, 260px\" \/><\/a><div class='grid-content'><div class='avia-arrow'><\/div><header class=\"entry-content-header\"><h3 class='grid-entry-title entry-title '  itemprop=\"headline\" ><a href='https:\/\/www.arquimedes.com.br\/novosite\/portfolio-item\/encanador-industrial\/' title='ENCANADOR INDUSTRIAL'>ENCANADOR INDUSTRIAL<\/a><\/h3><\/header><\/div><footer class=\"entry-footer\"><\/footer><\/article><\/div><div data-ajax-id='4085' class=' grid-entry flex_column isotope-item all_sort no_margin post-entry post-entry-4085 grid-entry-overview grid-loop-3 grid-parity-odd  curso_sort inspetor-de-qualidade_sort metalurgica-desenho-mecanico-e-qualidade_sort profissionalizante_sort  av_one_fourth  default_av_fullwidth '><article class='main_color inner-entry'  itemscope=\"itemscope\" itemtype=\"https:\/\/schema.org\/CreativeWork\" ><a href=\"https:\/\/www.arquimedes.com.br\/novosite\/portfolio-item\/inspetor-de-qualidade\/\" title='INSPETOR DE QUALIDADE'  data-rel='grid-1' class='grid-image avia-hover-fx'> <img fetchpriority=\"high\" fetchpriority=\"high\" decoding=\"async\" fetchpriority=\"high\" width=\"260\" height=\"185\" src=\"https:\/\/www.arquimedes.com.br\/novosite\/wp-content\/uploads\/2020\/07\/inspetor--260x185.jpg\" class=\"wp-image-9860 avia-img-lazy-loading-not-9860 attachment-portfolio_small size-portfolio_small wp-post-image\" alt=\"\" \/><\/a><div class='grid-content'><div class='avia-arrow'><\/div><header class=\"entry-content-header\"><h3 class='grid-entry-title entry-title '  itemprop=\"headline\" ><a href='https:\/\/www.arquimedes.com.br\/novosite\/portfolio-item\/inspetor-de-qualidade\/' title='INSPETOR DE QUALIDADE'>INSPETOR DE QUALIDADE<\/a><\/h3><\/header><\/div><footer class=\"entry-footer\"><\/footer><\/article><\/div><div data-ajax-id='4090' class=' grid-entry flex_column isotope-item all_sort no_margin post-entry post-entry-4090 grid-entry-overview grid-loop-4 grid-parity-even  curso_sort leitura-e-interpretacao-de-desenho-isometrico-de-tubulacao_sort metalurgica-desenho-mecanico-e-qualidade_sort profissionalizante_sort  av_one_fourth  default_av_fullwidth '><article class='main_color inner-entry'  itemscope=\"itemscope\" itemtype=\"https:\/\/schema.org\/CreativeWork\" ><a href=\"https:\/\/www.arquimedes.com.br\/novosite\/portfolio-item\/leitura-e-interpretacao-de-desenho-isometrico-de-tubulacao\/\" title='ENCANADOR INDUSTRIAL LEITURA E INTERPRETA\u00c7\u00c3O DE DESENHO ISOM\u00c9TRICO DE TUBULA\u00c7\u00c3O'  data-rel='grid-1' class='grid-image avia-hover-fx'> <img fetchpriority=\"high\" fetchpriority=\"high\" decoding=\"async\" fetchpriority=\"high\" width=\"260\" height=\"185\" src=\"https:\/\/www.arquimedes.com.br\/novosite\/wp-content\/uploads\/2020\/07\/leit-1-260x185.jpg\" class=\"wp-image-9857 avia-img-lazy-loading-not-9857 attachment-portfolio_small size-portfolio_small wp-post-image\" alt=\"\" \/><\/a><div class='grid-content'><div class='avia-arrow'><\/div><header class=\"entry-content-header\"><h3 class='grid-entry-title entry-title '  itemprop=\"headline\" ><a href='https:\/\/www.arquimedes.com.br\/novosite\/portfolio-item\/leitura-e-interpretacao-de-desenho-isometrico-de-tubulacao\/' title='ENCANADOR INDUSTRIAL LEITURA E INTERPRETA\u00c7\u00c3O DE DESENHO ISOM\u00c9TRICO DE TUBULA\u00c7\u00c3O'>ENCANADOR INDUSTRIAL LEITURA E INTERPRETA\u00c7\u00c3O DE DESENHO ISOM\u00c9TRICO DE TUBULA\u00c7\u00c3O<\/a><\/h3><\/header><\/div><footer class=\"entry-footer\"><\/footer><\/article><\/div><div data-ajax-id='4094' class=' grid-entry flex_column isotope-item all_sort no_margin post-entry post-entry-4094 grid-entry-overview grid-loop-5 grid-parity-odd  curso_sort leitura-e-interpretacao-de-desenho-mecanico_sort metalurgica-desenho-mecanico-e-qualidade_sort profissionalizante_sort  av_one_fourth first default_av_fullwidth '><article class='main_color inner-entry'  itemscope=\"itemscope\" itemtype=\"https:\/\/schema.org\/CreativeWork\" ><a href=\"https:\/\/www.arquimedes.com.br\/novosite\/portfolio-item\/leitura-e-interpretacao-de-desenho-mecanico\/\" title='LEITURA E INTERPRETA\u00c7\u00c3O DE DESENHO MEC\u00c2NICO'  data-rel='grid-1' class='grid-image avia-hover-fx'> <img fetchpriority=\"high\" fetchpriority=\"high\" decoding=\"async\" fetchpriority=\"high\" width=\"260\" height=\"185\" src=\"https:\/\/www.arquimedes.com.br\/novosite\/wp-content\/uploads\/2020\/07\/leitura350x250-260x185.jpg\" class=\"wp-image-4473 avia-img-lazy-loading-not-4473 attachment-portfolio_small size-portfolio_small wp-post-image\" alt=\"\" srcset=\"https:\/\/www.arquimedes.com.br\/novosite\/wp-content\/uploads\/2020\/07\/leitura350x250-260x185.jpg 260w, https:\/\/www.arquimedes.com.br\/novosite\/wp-content\/uploads\/2020\/07\/leitura350x250-300x214.jpg 300w, https:\/\/www.arquimedes.com.br\/novosite\/wp-content\/uploads\/2020\/07\/leitura350x250.jpg 350w\" sizes=\"(max-width: 260px) 100vw, 260px\" \/><\/a><div class='grid-content'><div class='avia-arrow'><\/div><header class=\"entry-content-header\"><h3 class='grid-entry-title entry-title '  itemprop=\"headline\" ><a href='https:\/\/www.arquimedes.com.br\/novosite\/portfolio-item\/leitura-e-interpretacao-de-desenho-mecanico\/' title='LEITURA E INTERPRETA\u00c7\u00c3O DE DESENHO MEC\u00c2NICO'>LEITURA E INTERPRETA\u00c7\u00c3O DE DESENHO MEC\u00c2NICO<\/a><\/h3><\/header><\/div><footer class=\"entry-footer\"><\/footer><\/article><\/div><div data-ajax-id='4098' class=' grid-entry flex_column isotope-item all_sort no_margin post-entry post-entry-4098 grid-entry-overview grid-loop-6 grid-parity-even  curso_sort metalurgica-desenho-mecanico-e-qualidade_sort praticas-de-soldagem_sort profissionalizante_sort  av_one_fourth  default_av_fullwidth '><article class='main_color inner-entry'  itemscope=\"itemscope\" itemtype=\"https:\/\/schema.org\/CreativeWork\" ><a href=\"https:\/\/www.arquimedes.com.br\/novosite\/portfolio-item\/praticas-de-soldagem\/\" title='PR\u00c1TICAS DE SOLDAGEM'  data-rel='grid-1' class='grid-image avia-hover-fx'> <img fetchpriority=\"high\" fetchpriority=\"high\" decoding=\"async\" fetchpriority=\"high\" width=\"260\" height=\"185\" src=\"https:\/\/www.arquimedes.com.br\/novosite\/wp-content\/uploads\/2020\/07\/350x250praticas-solda-260x185.jpg\" class=\"wp-image-4468 avia-img-lazy-loading-not-4468 attachment-portfolio_small size-portfolio_small wp-post-image\" alt=\"\" srcset=\"https:\/\/www.arquimedes.com.br\/novosite\/wp-content\/uploads\/2020\/07\/350x250praticas-solda-260x185.jpg 260w, https:\/\/www.arquimedes.com.br\/novosite\/wp-content\/uploads\/2020\/07\/350x250praticas-solda-300x214.jpg 300w, https:\/\/www.arquimedes.com.br\/novosite\/wp-content\/uploads\/2020\/07\/350x250praticas-solda.jpg 350w\" sizes=\"(max-width: 260px) 100vw, 260px\" \/><\/a><div class='grid-content'><div class='avia-arrow'><\/div><header class=\"entry-content-header\"><h3 class='grid-entry-title entry-title '  itemprop=\"headline\" ><a href='https:\/\/www.arquimedes.com.br\/novosite\/portfolio-item\/praticas-de-soldagem\/' title='PR\u00c1TICAS DE SOLDAGEM'>PR\u00c1TICAS DE SOLDAGEM<\/a><\/h3><\/header><\/div><footer class=\"entry-footer\"><\/footer><\/article><\/div><div data-ajax-id='4101' class=' grid-entry flex_column isotope-item all_sort no_margin post-entry post-entry-4101 grid-entry-overview grid-loop-7 grid-parity-odd  curso_sort metalurgica-desenho-mecanico-e-qualidade_sort metrologia-e-tecnologia-mecanica_sort profissionalizante_sort  av_one_fourth  default_av_fullwidth '><article class='main_color inner-entry'  itemscope=\"itemscope\" itemtype=\"https:\/\/schema.org\/CreativeWork\" ><a href=\"https:\/\/www.arquimedes.com.br\/novosite\/portfolio-item\/metrologia-e-tecnologia-mecanica\/\" title='METROLOGIA E TECNOLOGIA MEC\u00c2NICA'  data-rel='grid-1' class='grid-image avia-hover-fx'> <img fetchpriority=\"high\" fetchpriority=\"high\" decoding=\"async\" fetchpriority=\"high\" width=\"260\" height=\"185\" src=\"https:\/\/www.arquimedes.com.br\/novosite\/wp-content\/uploads\/2020\/07\/350x250metrologia-260x185.jpg\" class=\"wp-image-4458 avia-img-lazy-loading-not-4458 attachment-portfolio_small size-portfolio_small wp-post-image\" alt=\"\" srcset=\"https:\/\/www.arquimedes.com.br\/novosite\/wp-content\/uploads\/2020\/07\/350x250metrologia-260x185.jpg 260w, https:\/\/www.arquimedes.com.br\/novosite\/wp-content\/uploads\/2020\/07\/350x250metrologia-300x214.jpg 300w, https:\/\/www.arquimedes.com.br\/novosite\/wp-content\/uploads\/2020\/07\/350x250metrologia.jpg 350w\" sizes=\"(max-width: 260px) 100vw, 260px\" \/><\/a><div class='grid-content'><div class='avia-arrow'><\/div><header class=\"entry-content-header\"><h3 class='grid-entry-title entry-title '  itemprop=\"headline\" ><a href='https:\/\/www.arquimedes.com.br\/novosite\/portfolio-item\/metrologia-e-tecnologia-mecanica\/' title='METROLOGIA E TECNOLOGIA MEC\u00c2NICA'>METROLOGIA E TECNOLOGIA MEC\u00c2NICA<\/a><\/h3><\/header><\/div><footer class=\"entry-footer\"><\/footer><\/article><\/div><div data-ajax-id='4111' class=' grid-entry flex_column isotope-item all_sort no_margin post-entry post-entry-4111 grid-entry-overview grid-loop-8 grid-parity-even  curso_sort metalurgica-desenho-mecanico-e-qualidade_sort profissionalizante_sort tracado-de-caldeiraria_sort  av_one_fourth  default_av_fullwidth '><article class='main_color inner-entry'  itemscope=\"itemscope\" itemtype=\"https:\/\/schema.org\/CreativeWork\" ><a href=\"https:\/\/www.arquimedes.com.br\/novosite\/portfolio-item\/tracado-de-caldeiraria\/\" title='TRA\u00c7ADO DE CALDEIRARIA &#8211; NR 12 \u2013 SEGURAN\u00c7A EM M\u00c1QUINAS E EQUIPAMENTOS'  data-rel='grid-1' class='grid-image avia-hover-fx'> <img fetchpriority=\"high\" fetchpriority=\"high\" decoding=\"async\" fetchpriority=\"high\" width=\"260\" height=\"185\" src=\"https:\/\/www.arquimedes.com.br\/novosite\/wp-content\/uploads\/2020\/07\/350x250caldeira-260x185.jpg\" class=\"wp-image-4462 avia-img-lazy-loading-not-4462 attachment-portfolio_small size-portfolio_small wp-post-image\" alt=\"\" srcset=\"https:\/\/www.arquimedes.com.br\/novosite\/wp-content\/uploads\/2020\/07\/350x250caldeira-260x185.jpg 260w, https:\/\/www.arquimedes.com.br\/novosite\/wp-content\/uploads\/2020\/07\/350x250caldeira-300x214.jpg 300w, https:\/\/www.arquimedes.com.br\/novosite\/wp-content\/uploads\/2020\/07\/350x250caldeira.jpg 350w\" sizes=\"(max-width: 260px) 100vw, 260px\" \/><\/a><div class='grid-content'><div class='avia-arrow'><\/div><header class=\"entry-content-header\"><h3 class='grid-entry-title entry-title '  itemprop=\"headline\" ><a href='https:\/\/www.arquimedes.com.br\/novosite\/portfolio-item\/tracado-de-caldeiraria\/' title='TRA\u00c7ADO DE CALDEIRARIA &#8211; NR 12 \u2013 SEGURAN\u00c7A EM M\u00c1QUINAS E EQUIPAMENTOS'>TRA\u00c7ADO DE CALDEIRARIA &#8211; NR 12 \u2013 SEGURAN\u00c7A EM M\u00c1QUINAS E EQUIPAMENTOS<\/a><\/h3><\/header><\/div><footer class=\"entry-footer\"><\/footer><\/article><\/div><div data-ajax-id='5239' class=' grid-entry flex_column isotope-item all_sort no_margin post-entry post-entry-5239 grid-entry-overview grid-loop-9 grid-parity-odd  curso_sort metalurgica-desenho-mecanico-e-qualidade_sort profissionalizante_sort  av_one_fourth first default_av_fullwidth '><article class='main_color inner-entry'  itemscope=\"itemscope\" itemtype=\"https:\/\/schema.org\/CreativeWork\" ><a href=\"https:\/\/www.arquimedes.com.br\/novosite\/portfolio-item\/5239\/\" title='TUBULA\u00c7\u00d5ES INDUSTRIAIS PARA ENCANADOR E MONTADOR'  data-rel='grid-1' class='grid-image avia-hover-fx'> <img fetchpriority=\"high\" fetchpriority=\"high\" decoding=\"async\" fetchpriority=\"high\" width=\"260\" height=\"185\" src=\"https:\/\/www.arquimedes.com.br\/novosite\/wp-content\/uploads\/2021\/09\/TUBULACOES4-260x185.jpg\" class=\"wp-image-5243 avia-img-lazy-loading-not-5243 attachment-portfolio_small size-portfolio_small wp-post-image\" alt=\"\" srcset=\"https:\/\/www.arquimedes.com.br\/novosite\/wp-content\/uploads\/2021\/09\/TUBULACOES4-260x185.jpg 260w, https:\/\/www.arquimedes.com.br\/novosite\/wp-content\/uploads\/2021\/09\/TUBULACOES4-495x350.jpg 495w\" sizes=\"(max-width: 260px) 100vw, 260px\" \/><\/a><div class='grid-content'><div class='avia-arrow'><\/div><header class=\"entry-content-header\"><h3 class='grid-entry-title entry-title '  itemprop=\"headline\" ><a href='https:\/\/www.arquimedes.com.br\/novosite\/portfolio-item\/5239\/' title='TUBULA\u00c7\u00d5ES INDUSTRIAIS PARA ENCANADOR E MONTADOR'>TUBULA\u00c7\u00d5ES INDUSTRIAIS PARA ENCANADOR E MONTADOR<\/a><\/h3><\/header><\/div><footer class=\"entry-footer\"><\/footer><\/article><\/div><div data-ajax-id='4106' class=' grid-entry flex_column isotope-item all_sort no_margin post-entry post-entry-4106 grid-entry-overview grid-loop-10 grid-parity-even  post-entry-last  curso_sort metalurgica-desenho-mecanico-e-qualidade_sort profissionalizante_sort soldagem-mig-mag-tig-eletrodo-revestido_sort  av_one_fourth  default_av_fullwidth '><article class='main_color inner-entry'  itemscope=\"itemscope\" itemtype=\"https:\/\/schema.org\/CreativeWork\" ><a href=\"https:\/\/www.arquimedes.com.br\/novosite\/portfolio-item\/soldagem-mig-mag-tig-eletrodo-revestido\/\" title='SOLDAGEM MIG\/MAG, TIG  ELETRODO REVESTIDO'  data-rel='grid-1' class='grid-image avia-hover-fx'> <img fetchpriority=\"high\" fetchpriority=\"high\" decoding=\"async\" fetchpriority=\"high\" width=\"260\" height=\"185\" src=\"https:\/\/www.arquimedes.com.br\/novosite\/wp-content\/uploads\/2020\/07\/SOLDA-500X500-260x185.jpg\" class=\"wp-image-4353 avia-img-lazy-loading-not-4353 attachment-portfolio_small size-portfolio_small wp-post-image\" alt=\"\" \/><\/a><div class='grid-content'><div class='avia-arrow'><\/div><header class=\"entry-content-header\"><h3 class='grid-entry-title entry-title '  itemprop=\"headline\" ><a href='https:\/\/www.arquimedes.com.br\/novosite\/portfolio-item\/soldagem-mig-mag-tig-eletrodo-revestido\/' title='SOLDAGEM MIG\/MAG, TIG  ELETRODO REVESTIDO'>SOLDAGEM MIG\/MAG, TIG  ELETRODO REVESTIDO<\/a><\/h3><\/header><\/div><footer class=\"entry-footer\"><\/footer><\/article><\/div><\/div><\/div>   <!--   class=\"av-portfolio-grid-sorting-container\"  --><\/p><\/div>\n","protected":false},"excerpt":{"rendered":"","protected":false},"author":2,"featured_media":0,"parent":0,"menu_order":0,"comment_status":"closed","ping_status":"closed","template":"","meta":{"footnotes":""},"class_list":["post-4071","page","type-page","status-publish","hentry"],"_links":{"self":[{"href":"https:\/\/www.arquimedes.com.br\/novosite\/wp-json\/wp\/v2\/pages\/4071","targetHints":{"allow":["GET"]}}],"collection":[{"href":"https:\/\/www.arquimedes.com.br\/novosite\/wp-json\/wp\/v2\/pages"}],"about":[{"href":"https:\/\/www.arquimedes.com.br\/novosite\/wp-json\/wp\/v2\/types\/page"}],"author":[{"embeddable":true,"href":"https:\/\/www.arquimedes.com.br\/novosite\/wp-json\/wp\/v2\/users\/2"}],"replies":[{"embeddable":true,"href":"https:\/\/www.arquimedes.com.br\/novosite\/wp-json\/wp\/v2\/comments?post=4071"}],"version-history":[{"count":4,"href":"https:\/\/www.arquimedes.com.br\/novosite\/wp-json\/wp\/v2\/pages\/4071\/revisions"}],"predecessor-version":[{"id":6393,"href":"https:\/\/www.arquimedes.com.br\/novosite\/wp-json\/wp\/v2\/pages\/4071\/revisions\/6393"}],"wp:attachment":[{"href":"https:\/\/www.arquimedes.com.br\/novosite\/wp-json\/wp\/v2\/media?parent=4071"}],"curies":[{"name":"wp","href":"https:\/\/api.w.org\/{rel}","templated":true}]}}