{"id":4052,"date":"2020-07-13T16:40:44","date_gmt":"2020-07-13T19:40:44","guid":{"rendered":"http:\/\/www.arquimedes.com.br\/novosite\/?page_id=4052"},"modified":"2021-02-22T11:43:31","modified_gmt":"2021-02-22T14:43:31","slug":"informatica","status":"publish","type":"page","link":"https:\/\/www.arquimedes.com.br\/novosite\/informatica\/","title":{"rendered":"Inform\u00e1tica"},"content":{"rendered":"\n<style type=\"text\/css\" data-created_by=\"avia_inline_auto\" id=\"style-css-av-2so9jv-ab6eeabe857fd4fe2fd6d32b8f9de8e5\">\n.flex_column.av-2so9jv-ab6eeabe857fd4fe2fd6d32b8f9de8e5{\nborder-radius:0px 0px 0px 0px;\npadding:0px 0px 0px 0px;\n}\n<\/style>\n<div  class='flex_column av-2so9jv-ab6eeabe857fd4fe2fd6d32b8f9de8e5 av_one_full  avia-builder-el-0  avia-builder-el-no-sibling  first flex_column_div av-zero-column-padding  '     ><section  class='av_textblock_section av-klgouxcx-ac5ba09cd6eff5f8b310bf9e4c7e0ad0 '   itemscope=\"itemscope\" itemtype=\"https:\/\/schema.org\/CreativeWork\" ><div class='avia_textblock'  itemprop=\"text\" ><p style=\"text-align: justify;\">Esse segmento atende \u00e0 demanda de cursos destinados ao p\u00fablico em geral para a forma\u00e7\u00e3o, qualifica\u00e7\u00e3o e capacita\u00e7\u00e3o e, tamb\u00e9m, aos profissionais j\u00e1 atuantes para atualiza\u00e7\u00e3o, reciclagem e especializa\u00e7\u00e3o ou que estejam buscando nova inser\u00e7\u00e3o no mercado de trabalho.<\/p>\n<p style=\"text-align: justify;\">Os cursos s\u00e3o estruturados de acordo com as caracter\u00edsticas dos mercados regionais e setoriais, com base em demandas claramente identificadas no mercado de trabalho.<\/p>\n<p style=\"text-align: justify;\">A dura\u00e7\u00e3o dos cursos depende da \u00e1rea, bem como seus pr\u00e9-requisitos. Dentro deste segmento todos os cursos podem ser adaptados de acordo com as necessidades das empresas e ministrados dentro do segmento \u201cin company\u201d, como cursos\u00a0<em>\u201csob medida para as empresas\u201d.<\/em><\/p>\n<p style=\"text-align: justify;\">A Frequ\u00eancia dos cursos de Forma\u00e7\u00e3o Continuada \u00e9 de 75%,\u00a0<strong>exceto os cursos Normativos,<\/strong>\u00a0cuja\u00a0frequ\u00eancia obrigat\u00f3ria para certifica\u00e7\u00e3o \u00e9\u00a0de\u00a0<strong>100%.<\/strong><\/p>\n<\/div><\/section><br \/>\n<div  id=\"av-sc-portfolio-1\"  class=\"av-portfolio-grid-sorting-container\"><div class='sort_width_container  av-sort-yes' data-portfolio-id='1' ><div id='js_sort_items' ><div class='sort_by_cat hidden'><a href=\"#\" data-filter=\"all_sort\" class=\"all_sort_button active_sort\"><span class=\"inner_sort_button\"><span>Todos<\/span><small class=\"av-cat-count\"> 3 <\/small><\/span><\/a><span class=\"text-sep informatica_sort_sep\">\/<\/span><a href=\"#\" data-filter=\"informatica_sort\" class=\"informatica_sort_button\" ><span class=\"inner_sort_button\"><span>Inform\u00e1tica<\/span><small class=\"av-cat-count\"> 3 <\/small><\/span><\/a><\/div><\/div><\/div><div  class=' grid-sort-container isotope   no_margin-container with-excerpt-container grid-total-odd grid-col-4 grid-links-' data-portfolio-id='1'><div data-ajax-id='4065' class=' grid-entry flex_column isotope-item all_sort no_margin post-entry post-entry-4065 grid-entry-overview grid-loop-1 grid-parity-odd  curso_sort informatica_sort introducao-a-informatica_sort profissionalizante_sort  av_one_fourth first default_av_fullwidth '><article class='main_color inner-entry'  itemscope=\"itemscope\" itemtype=\"https:\/\/schema.org\/CreativeWork\" ><a href=\"https:\/\/www.arquimedes.com.br\/novosite\/portfolio-item\/introducao-a-informatica\/\" title='INFORM\u00c1TICA PROFISSIONAL 360\u00ba: Pacote Office com IA'  data-rel='grid-1' class='grid-image avia-hover-fx'> <img fetchpriority=\"high\" fetchpriority=\"high\" decoding=\"async\" fetchpriority=\"high\" width=\"260\" height=\"185\" src=\"https:\/\/www.arquimedes.com.br\/novosite\/wp-content\/uploads\/2020\/07\/infor2-260x185.jpg\" class=\"wp-image-4067 avia-img-lazy-loading-not-4067 attachment-portfolio_small size-portfolio_small wp-post-image\" alt=\"\" \/><\/a><div class='grid-content'><div class='avia-arrow'><\/div><header class=\"entry-content-header\"><h3 class='grid-entry-title entry-title '  itemprop=\"headline\" ><a href='https:\/\/www.arquimedes.com.br\/novosite\/portfolio-item\/introducao-a-informatica\/' title='INFORM\u00c1TICA PROFISSIONAL 360\u00ba: Pacote Office com IA'>INFORM\u00c1TICA PROFISSIONAL 360\u00ba: Pacote Office com IA<\/a><\/h3><\/header><\/div><footer class=\"entry-footer\"><\/footer><\/article><\/div><div data-ajax-id='4060' class=' grid-entry flex_column isotope-item all_sort no_margin post-entry post-entry-4060 grid-entry-overview grid-loop-2 grid-parity-even  curso_sort excel-avancado_sort informatica_sort profissionalizante_sort  av_one_fourth  default_av_fullwidth '><article class='main_color inner-entry'  itemscope=\"itemscope\" itemtype=\"https:\/\/schema.org\/CreativeWork\" ><a href=\"https:\/\/www.arquimedes.com.br\/novosite\/portfolio-item\/excel-avancado\/\" title='EXCEL INTERMEDI\u00c1RIO'  data-rel='grid-1' class='grid-image avia-hover-fx'> <img fetchpriority=\"high\" fetchpriority=\"high\" decoding=\"async\" fetchpriority=\"high\" width=\"260\" height=\"185\" src=\"https:\/\/www.arquimedes.com.br\/novosite\/wp-content\/uploads\/2020\/07\/excel-260x185.png\" class=\"wp-image-4062 avia-img-lazy-loading-not-4062 attachment-portfolio_small size-portfolio_small wp-post-image\" alt=\"\" \/><\/a><div class='grid-content'><div class='avia-arrow'><\/div><header class=\"entry-content-header\"><h3 class='grid-entry-title entry-title '  itemprop=\"headline\" ><a href='https:\/\/www.arquimedes.com.br\/novosite\/portfolio-item\/excel-avancado\/' title='EXCEL INTERMEDI\u00c1RIO'>EXCEL INTERMEDI\u00c1RIO<\/a><\/h3><\/header><\/div><footer class=\"entry-footer\"><\/footer><\/article><\/div><div data-ajax-id='4055' class=' grid-entry flex_column isotope-item all_sort no_margin post-entry post-entry-4055 grid-entry-overview grid-loop-3 grid-parity-odd  post-entry-last  arq-melhor-idade-informatica-para-melhor-idade_sort curso_sort informatica_sort profissionalizante_sort  av_one_fourth  default_av_fullwidth '><article class='main_color inner-entry'  itemscope=\"itemscope\" itemtype=\"https:\/\/schema.org\/CreativeWork\" ><a href=\"https:\/\/www.arquimedes.com.br\/novosite\/portfolio-item\/arq-melhor-idade-informatica-para-melhor-idade\/\" title='3\u00aa Idade: Gera\u00e7\u00e3o Conectada O curso definitivo de Autonomia Digital'  data-rel='grid-1' class='grid-image avia-hover-fx'> <img fetchpriority=\"high\" fetchpriority=\"high\" decoding=\"async\" fetchpriority=\"high\" width=\"260\" height=\"185\" src=\"https:\/\/www.arquimedes.com.br\/novosite\/wp-content\/uploads\/2020\/07\/3-idade-260x185.jpg\" class=\"wp-image-4057 avia-img-lazy-loading-not-4057 attachment-portfolio_small size-portfolio_small wp-post-image\" alt=\"\" \/><\/a><div class='grid-content'><div class='avia-arrow'><\/div><header class=\"entry-content-header\"><h3 class='grid-entry-title entry-title '  itemprop=\"headline\" ><a href='https:\/\/www.arquimedes.com.br\/novosite\/portfolio-item\/arq-melhor-idade-informatica-para-melhor-idade\/' title='3\u00aa Idade: Gera\u00e7\u00e3o Conectada O curso definitivo de Autonomia Digital'>3\u00aa Idade: Gera\u00e7\u00e3o Conectada O curso definitivo de Autonomia Digital<\/a><\/h3><\/header><\/div><footer class=\"entry-footer\"><\/footer><\/article><\/div><\/div><\/div>   <!--   class=\"av-portfolio-grid-sorting-container\"  --><\/p><\/div>\n","protected":false},"excerpt":{"rendered":"","protected":false},"author":2,"featured_media":0,"parent":0,"menu_order":0,"comment_status":"closed","ping_status":"closed","template":"","meta":{"footnotes":""},"class_list":["post-4052","page","type-page","status-publish","hentry"],"_links":{"self":[{"href":"https:\/\/www.arquimedes.com.br\/novosite\/wp-json\/wp\/v2\/pages\/4052","targetHints":{"allow":["GET"]}}],"collection":[{"href":"https:\/\/www.arquimedes.com.br\/novosite\/wp-json\/wp\/v2\/pages"}],"about":[{"href":"https:\/\/www.arquimedes.com.br\/novosite\/wp-json\/wp\/v2\/types\/page"}],"author":[{"embeddable":true,"href":"https:\/\/www.arquimedes.com.br\/novosite\/wp-json\/wp\/v2\/users\/2"}],"replies":[{"embeddable":true,"href":"https:\/\/www.arquimedes.com.br\/novosite\/wp-json\/wp\/v2\/comments?post=4052"}],"version-history":[{"count":3,"href":"https:\/\/www.arquimedes.com.br\/novosite\/wp-json\/wp\/v2\/pages\/4052\/revisions"}],"predecessor-version":[{"id":4819,"href":"https:\/\/www.arquimedes.com.br\/novosite\/wp-json\/wp\/v2\/pages\/4052\/revisions\/4819"}],"wp:attachment":[{"href":"https:\/\/www.arquimedes.com.br\/novosite\/wp-json\/wp\/v2\/media?parent=4052"}],"curies":[{"name":"wp","href":"https:\/\/api.w.org\/{rel}","templated":true}]}}