{"id":3879,"date":"2020-07-06T13:54:52","date_gmt":"2020-07-06T16:54:52","guid":{"rendered":"http:\/\/www.arquimedes.com.br\/novosite\/?page_id=3879"},"modified":"2021-09-14T14:27:20","modified_gmt":"2021-09-14T17:27:20","slug":"eletroeletronica-e-automacao","status":"publish","type":"page","link":"https:\/\/www.arquimedes.com.br\/novosite\/eletroeletronica-e-automacao\/","title":{"rendered":"Eletroeletr\u00f4nica e Automa\u00e7\u00e3o"},"content":{"rendered":"\n<style type=\"text\/css\" data-created_by=\"avia_inline_auto\" id=\"style-css-av-2so9jv-ab6eeabe857fd4fe2fd6d32b8f9de8e5\">\n.flex_column.av-2so9jv-ab6eeabe857fd4fe2fd6d32b8f9de8e5{\nborder-radius:0px 0px 0px 0px;\npadding:0px 0px 0px 0px;\n}\n<\/style>\n<div  class='flex_column av-2so9jv-ab6eeabe857fd4fe2fd6d32b8f9de8e5 av_one_full  avia-builder-el-0  avia-builder-el-no-sibling  first flex_column_div av-zero-column-padding  '     ><section  class='av_textblock_section av-klgoq0ww-4c5ea8252458a034896881c6bf29b426 '   itemscope=\"itemscope\" itemtype=\"https:\/\/schema.org\/CreativeWork\" ><div class='avia_textblock'  itemprop=\"text\" ><p style=\"text-align: justify;\">Esse segmento atende \u00e0 demanda de cursos destinados ao p\u00fablico em geral para a forma\u00e7\u00e3o, qualifica\u00e7\u00e3o e capacita\u00e7\u00e3o e, tamb\u00e9m, aos profissionais j\u00e1 atuantes para atualiza\u00e7\u00e3o, reciclagem e especializa\u00e7\u00e3o ou que estejam buscando nova inser\u00e7\u00e3o no mercado de trabalho.<\/p>\n<p style=\"text-align: justify;\">Os cursos s\u00e3o estruturados de acordo com as caracter\u00edsticas dos mercados regionais e setoriais, com base em demandas claramente identificadas no mercado de trabalho.<\/p>\n<p style=\"text-align: justify;\">A dura\u00e7\u00e3o dos cursos depende da \u00e1rea, bem como seus pr\u00e9-requisitos. Dentro deste segmento todos os cursos podem ser adaptados de acordo com as necessidades das empresas e ministrados dentro do segmento \u201cin company\u201d, como cursos\u00a0<em>\u201csob medida para as empresas\u201d.<\/em><\/p>\n<p style=\"text-align: justify;\">A Frequ\u00eancia dos cursos de Forma\u00e7\u00e3o Continuada \u00e9 de 75%,\u00a0<strong>exceto os cursos Normativos,<\/strong>\u00a0cuja\u00a0frequ\u00eancia obrigat\u00f3ria para certifica\u00e7\u00e3o \u00e9\u00a0de\u00a0<strong>100%.<\/strong><\/p>\n<\/div><\/section><br \/>\n<div  id=\"av-sc-portfolio-1\"  class=\"av-portfolio-grid-sorting-container\"><div class='sort_width_container  av-sort-yes' data-portfolio-id='1' ><div id='js_sort_items' ><div class='sort_by_cat hidden'><a href=\"#\" data-filter=\"all_sort\" class=\"all_sort_button active_sort\"><span class=\"inner_sort_button\"><span>Todos<\/span><small class=\"av-cat-count\"> 11 <\/small><\/span><\/a><span class=\"text-sep eletroeletronica-e-automacao_sort_sep\">\/<\/span><a href=\"#\" data-filter=\"eletroeletronica-e-automacao_sort\" class=\"eletroeletronica-e-automacao_sort_button\" ><span class=\"inner_sort_button\"><span>Eletroeletr\u00f4nica E Automa\u00e7\u00e3o<\/span><small class=\"av-cat-count\"> 8 <\/small><\/span><\/a><\/div><\/div><\/div><div  class=' grid-sort-container isotope   no_margin-container with-excerpt-container grid-total-odd grid-col-4 grid-links-' data-portfolio-id='1'><div data-ajax-id='3882' class=' grid-entry flex_column isotope-item all_sort no_margin post-entry post-entry-3882 grid-entry-overview grid-loop-1 grid-parity-odd  curso_sort eletroeletronica-e-automacao_sort profissionalizante_sort  av_one_fourth first default_av_fullwidth '><article class='main_color inner-entry'  itemscope=\"itemscope\" itemtype=\"https:\/\/schema.org\/CreativeWork\" ><a href=\"https:\/\/www.arquimedes.com.br\/novosite\/portfolio-item\/automacao-hidraulica-e-pneumatica-industrial\/\" title='Automa\u00e7\u00e3o Hidr\u00e1ulica e Pneum\u00e1tica Industrial'  data-rel='grid-1' class='grid-image avia-hover-fx'> <img fetchpriority=\"high\" fetchpriority=\"high\" decoding=\"async\" fetchpriority=\"high\" width=\"260\" height=\"185\" src=\"https:\/\/www.arquimedes.com.br\/novosite\/wp-content\/uploads\/2020\/07\/pneumatico-350x250-1-260x185.jpg\" class=\"wp-image-4430 avia-img-lazy-loading-not-4430 attachment-portfolio_small size-portfolio_small wp-post-image\" alt=\"\" srcset=\"https:\/\/www.arquimedes.com.br\/novosite\/wp-content\/uploads\/2020\/07\/pneumatico-350x250-1-260x185.jpg 260w, https:\/\/www.arquimedes.com.br\/novosite\/wp-content\/uploads\/2020\/07\/pneumatico-350x250-1-300x214.jpg 300w, https:\/\/www.arquimedes.com.br\/novosite\/wp-content\/uploads\/2020\/07\/pneumatico-350x250-1.jpg 350w\" sizes=\"(max-width: 260px) 100vw, 260px\" \/><\/a><div class='grid-content'><div class='avia-arrow'><\/div><header class=\"entry-content-header\"><h3 class='grid-entry-title entry-title '  itemprop=\"headline\" ><a href='https:\/\/www.arquimedes.com.br\/novosite\/portfolio-item\/automacao-hidraulica-e-pneumatica-industrial\/' title='Automa\u00e7\u00e3o Hidr\u00e1ulica e Pneum\u00e1tica Industrial'>Automa\u00e7\u00e3o Hidr\u00e1ulica e Pneum\u00e1tica Industrial<\/a><\/h3><\/header><\/div><footer class=\"entry-footer\"><\/footer><\/article><\/div><div data-ajax-id='3893' class=' grid-entry flex_column isotope-item all_sort no_margin post-entry post-entry-3893 grid-entry-overview grid-loop-2 grid-parity-even  cftv_sort curso_sort profissionalizante_sort  av_one_fourth  default_av_fullwidth '><article class='main_color inner-entry'  itemscope=\"itemscope\" itemtype=\"https:\/\/schema.org\/CreativeWork\" ><a href=\"https:\/\/www.arquimedes.com.br\/novosite\/portfolio-item\/cftv\/\" title='INSTLADOR DE CENTRAL DE ALARMES, CERCA EL\u00c9TRICA E CFTV'  data-rel='grid-1' class='grid-image avia-hover-fx'> <img fetchpriority=\"high\" fetchpriority=\"high\" decoding=\"async\" fetchpriority=\"high\" width=\"260\" height=\"185\" src=\"https:\/\/www.arquimedes.com.br\/novosite\/wp-content\/uploads\/2020\/07\/cftv-350x250-1-260x185.jpg\" class=\"wp-image-4422 avia-img-lazy-loading-not-4422 attachment-portfolio_small size-portfolio_small wp-post-image\" alt=\"\" srcset=\"https:\/\/www.arquimedes.com.br\/novosite\/wp-content\/uploads\/2020\/07\/cftv-350x250-1-260x185.jpg 260w, https:\/\/www.arquimedes.com.br\/novosite\/wp-content\/uploads\/2020\/07\/cftv-350x250-1-300x214.jpg 300w, https:\/\/www.arquimedes.com.br\/novosite\/wp-content\/uploads\/2020\/07\/cftv-350x250-1.jpg 350w\" sizes=\"(max-width: 260px) 100vw, 260px\" \/><\/a><div class='grid-content'><div class='avia-arrow'><\/div><header class=\"entry-content-header\"><h3 class='grid-entry-title entry-title '  itemprop=\"headline\" ><a href='https:\/\/www.arquimedes.com.br\/novosite\/portfolio-item\/cftv\/' title='INSTLADOR DE CENTRAL DE ALARMES, CERCA EL\u00c9TRICA E CFTV'>INSTLADOR DE CENTRAL DE ALARMES, CERCA EL\u00c9TRICA E CFTV<\/a><\/h3><\/header><\/div><footer class=\"entry-footer\"><\/footer><\/article><\/div><div data-ajax-id='3913' class=' grid-entry flex_column isotope-item all_sort no_margin post-entry post-entry-3913 grid-entry-overview grid-loop-3 grid-parity-odd  curso_sort eletroeletronica-e-automacao_sort profissionalizante_sort  av_one_fourth  default_av_fullwidth '><article class='main_color inner-entry'  itemscope=\"itemscope\" itemtype=\"https:\/\/schema.org\/CreativeWork\" ><a href=\"https:\/\/www.arquimedes.com.br\/novosite\/portfolio-item\/instalador-de-alarmes-e-cerca-eletrica\/\" title='INSTALADOR DE ALARMES E CERCA EL\u00c9TRICA'  data-rel='grid-1' class='grid-image avia-hover-fx'> <img fetchpriority=\"high\" fetchpriority=\"high\" decoding=\"async\" fetchpriority=\"high\" width=\"260\" height=\"185\" src=\"https:\/\/www.arquimedes.com.br\/novosite\/wp-content\/uploads\/2020\/07\/alarme-e-cerca-350x250--260x185.jpg\" class=\"wp-image-4414 avia-img-lazy-loading-not-4414 attachment-portfolio_small size-portfolio_small wp-post-image\" alt=\"\" srcset=\"https:\/\/www.arquimedes.com.br\/novosite\/wp-content\/uploads\/2020\/07\/alarme-e-cerca-350x250--260x185.jpg 260w, https:\/\/www.arquimedes.com.br\/novosite\/wp-content\/uploads\/2020\/07\/alarme-e-cerca-350x250--300x214.jpg 300w, https:\/\/www.arquimedes.com.br\/novosite\/wp-content\/uploads\/2020\/07\/alarme-e-cerca-350x250-.jpg 350w\" sizes=\"(max-width: 260px) 100vw, 260px\" \/><\/a><div class='grid-content'><div class='avia-arrow'><\/div><header class=\"entry-content-header\"><h3 class='grid-entry-title entry-title '  itemprop=\"headline\" ><a href='https:\/\/www.arquimedes.com.br\/novosite\/portfolio-item\/instalador-de-alarmes-e-cerca-eletrica\/' title='INSTALADOR DE ALARMES E CERCA EL\u00c9TRICA'>INSTALADOR DE ALARMES E CERCA EL\u00c9TRICA<\/a><\/h3><\/header><\/div><footer class=\"entry-footer\"><\/footer><\/article><\/div><div data-ajax-id='3918' class=' grid-entry flex_column isotope-item all_sort no_margin post-entry post-entry-3918 grid-entry-overview grid-loop-4 grid-parity-even  curso_sort eletroeletronica-e-automacao_sort manutencao-de-telefone-celular_sort profissionalizante_sort  av_one_fourth  default_av_fullwidth '><article class='main_color inner-entry'  itemscope=\"itemscope\" itemtype=\"https:\/\/schema.org\/CreativeWork\" ><a href=\"https:\/\/www.arquimedes.com.br\/novosite\/portfolio-item\/manutencao-de-telefone-celular\/\" title='MANUTEN\u00c7\u00c3O DE TELEFONE CELULAR'  data-rel='grid-1' class='grid-image avia-hover-fx'> <img fetchpriority=\"high\" fetchpriority=\"high\" decoding=\"async\" fetchpriority=\"high\" width=\"260\" height=\"185\" src=\"https:\/\/www.arquimedes.com.br\/novosite\/wp-content\/uploads\/2020\/07\/MANUTEN\u00c7\u00c3O-DE-CELULAR-350X-250-260x185.jpg\" class=\"wp-image-4406 avia-img-lazy-loading-not-4406 attachment-portfolio_small size-portfolio_small wp-post-image\" alt=\"Manuten\u00e7\u00e3o de Telefone Celular\" srcset=\"https:\/\/www.arquimedes.com.br\/novosite\/wp-content\/uploads\/2020\/07\/MANUTEN\u00c7\u00c3O-DE-CELULAR-350X-250-260x185.jpg 260w, https:\/\/www.arquimedes.com.br\/novosite\/wp-content\/uploads\/2020\/07\/MANUTEN\u00c7\u00c3O-DE-CELULAR-350X-250-300x214.jpg 300w, https:\/\/www.arquimedes.com.br\/novosite\/wp-content\/uploads\/2020\/07\/MANUTEN\u00c7\u00c3O-DE-CELULAR-350X-250.jpg 350w\" sizes=\"(max-width: 260px) 100vw, 260px\" \/><\/a><div class='grid-content'><div class='avia-arrow'><\/div><header class=\"entry-content-header\"><h3 class='grid-entry-title entry-title '  itemprop=\"headline\" ><a href='https:\/\/www.arquimedes.com.br\/novosite\/portfolio-item\/manutencao-de-telefone-celular\/' title='MANUTEN\u00c7\u00c3O DE TELEFONE CELULAR'>MANUTEN\u00c7\u00c3O DE TELEFONE CELULAR<\/a><\/h3><\/header><\/div><footer class=\"entry-footer\"><\/footer><\/article><\/div><div data-ajax-id='5221' class=' grid-entry flex_column isotope-item all_sort no_margin post-entry post-entry-5221 grid-entry-overview grid-loop-5 grid-parity-odd  curso_sort eletroeletronica-e-automacao_sort profissionalizante_sort  av_one_fourth first default_av_fullwidth '><article class='main_color inner-entry'  itemscope=\"itemscope\" itemtype=\"https:\/\/schema.org\/CreativeWork\" ><a href=\"https:\/\/www.arquimedes.com.br\/novosite\/portfolio-item\/comandos-eletricos-de-motores\/\" title='COMANDOS EL\u00c9TRICOS DE MOTORES E INVERSOR DE FREQU\u00caNCIA'  data-rel='grid-1' class='grid-image avia-hover-fx'> <img fetchpriority=\"high\" fetchpriority=\"high\" decoding=\"async\" fetchpriority=\"high\" width=\"260\" height=\"185\" src=\"https:\/\/www.arquimedes.com.br\/novosite\/wp-content\/uploads\/2020\/07\/CLP350x250-260x185.jpg\" class=\"wp-image-4427 avia-img-lazy-loading-not-4427 attachment-portfolio_small size-portfolio_small wp-post-image\" alt=\"ELETR\u00d4NICA INDUSTRIAL\" srcset=\"https:\/\/www.arquimedes.com.br\/novosite\/wp-content\/uploads\/2020\/07\/CLP350x250-260x185.jpg 260w, https:\/\/www.arquimedes.com.br\/novosite\/wp-content\/uploads\/2020\/07\/CLP350x250-300x214.jpg 300w, https:\/\/www.arquimedes.com.br\/novosite\/wp-content\/uploads\/2020\/07\/CLP350x250.jpg 350w\" sizes=\"(max-width: 260px) 100vw, 260px\" \/><\/a><div class='grid-content'><div class='avia-arrow'><\/div><header class=\"entry-content-header\"><h3 class='grid-entry-title entry-title '  itemprop=\"headline\" ><a href='https:\/\/www.arquimedes.com.br\/novosite\/portfolio-item\/comandos-eletricos-de-motores\/' title='COMANDOS EL\u00c9TRICOS DE MOTORES E INVERSOR DE FREQU\u00caNCIA'>COMANDOS EL\u00c9TRICOS DE MOTORES E INVERSOR DE FREQU\u00caNCIA<\/a><\/h3><\/header><\/div><footer class=\"entry-footer\"><\/footer><\/article><\/div><div data-ajax-id='5226' class=' grid-entry flex_column isotope-item all_sort no_margin post-entry post-entry-5226 grid-entry-overview grid-loop-6 grid-parity-even  curso_sort eletroeletronica-e-automacao_sort profissionalizante_sort  av_one_fourth  default_av_fullwidth '><article class='main_color inner-entry'  itemscope=\"itemscope\" itemtype=\"https:\/\/schema.org\/CreativeWork\" ><a href=\"https:\/\/www.arquimedes.com.br\/novosite\/portfolio-item\/eletricista-instalador-de-redes-de-computador\/\" title='ELETRICISTA INSTALADOR DE REDES DE COMPUTADOR'  data-rel='grid-1' class='grid-image avia-hover-fx'> <img fetchpriority=\"high\" fetchpriority=\"high\" decoding=\"async\" fetchpriority=\"high\" width=\"260\" height=\"185\" src=\"https:\/\/www.arquimedes.com.br\/novosite\/wp-content\/uploads\/2021\/09\/unnamed-260x185.jpg\" class=\"wp-image-5229 avia-img-lazy-loading-not-5229 attachment-portfolio_small size-portfolio_small wp-post-image\" alt=\"\" \/><\/a><div class='grid-content'><div class='avia-arrow'><\/div><header class=\"entry-content-header\"><h3 class='grid-entry-title entry-title '  itemprop=\"headline\" ><a href='https:\/\/www.arquimedes.com.br\/novosite\/portfolio-item\/eletricista-instalador-de-redes-de-computador\/' title='ELETRICISTA INSTALADOR DE REDES DE COMPUTADOR'>ELETRICISTA INSTALADOR DE REDES DE COMPUTADOR<\/a><\/h3><\/header><\/div><footer class=\"entry-footer\"><\/footer><\/article><\/div><div data-ajax-id='5231' class=' grid-entry flex_column isotope-item all_sort no_margin post-entry post-entry-5231 grid-entry-overview grid-loop-7 grid-parity-odd  curso_sort eletroeletronica-e-automacao_sort profissionalizante_sort  av_one_fourth  default_av_fullwidth '><article class='main_color inner-entry'  itemscope=\"itemscope\" itemtype=\"https:\/\/schema.org\/CreativeWork\" ><a href=\"https:\/\/www.arquimedes.com.br\/novosite\/portfolio-item\/eletricista-instalador-de-redes-telefonicas\/\" title='ELETRICISTA INSTALADOR DE REDES TELEF\u00d4NICAS'  data-rel='grid-1' class='grid-image avia-hover-fx'> <img fetchpriority=\"high\" fetchpriority=\"high\" decoding=\"async\" fetchpriority=\"high\" width=\"260\" height=\"185\" src=\"https:\/\/www.arquimedes.com.br\/novosite\/wp-content\/uploads\/2021\/09\/tele-260x185.jpg\" class=\"wp-image-5234 avia-img-lazy-loading-not-5234 attachment-portfolio_small size-portfolio_small wp-post-image\" alt=\"\" \/><\/a><div class='grid-content'><div class='avia-arrow'><\/div><header class=\"entry-content-header\"><h3 class='grid-entry-title entry-title '  itemprop=\"headline\" ><a href='https:\/\/www.arquimedes.com.br\/novosite\/portfolio-item\/eletricista-instalador-de-redes-telefonicas\/' title='ELETRICISTA INSTALADOR DE REDES TELEF\u00d4NICAS'>ELETRICISTA INSTALADOR DE REDES TELEF\u00d4NICAS<\/a><\/h3><\/header><\/div><footer class=\"entry-footer\"><\/footer><\/article><\/div><div data-ajax-id='5394' class=' grid-entry flex_column isotope-item all_sort no_margin post-entry post-entry-5394 grid-entry-overview grid-loop-8 grid-parity-even  curso_sort eletroeletronica-e-automacao_sort profissionalizante_sort  av_one_fourth  default_av_fullwidth '><article class='main_color inner-entry'  itemscope=\"itemscope\" itemtype=\"https:\/\/schema.org\/CreativeWork\" ><a href=\"https:\/\/www.arquimedes.com.br\/novosite\/portfolio-item\/eletronica-industrial\/\" title='ELETR\u00d4NICA INDUSTRIAL'  data-rel='grid-1' class='grid-image avia-hover-fx'> <img fetchpriority=\"high\" fetchpriority=\"high\" decoding=\"async\" fetchpriority=\"high\" width=\"260\" height=\"185\" src=\"https:\/\/www.arquimedes.com.br\/novosite\/wp-content\/uploads\/2020\/07\/CLP350x250-260x185.jpg\" class=\"wp-image-4427 avia-img-lazy-loading-not-4427 attachment-portfolio_small size-portfolio_small wp-post-image\" alt=\"ELETR\u00d4NICA INDUSTRIAL\" srcset=\"https:\/\/www.arquimedes.com.br\/novosite\/wp-content\/uploads\/2020\/07\/CLP350x250-260x185.jpg 260w, https:\/\/www.arquimedes.com.br\/novosite\/wp-content\/uploads\/2020\/07\/CLP350x250-300x214.jpg 300w, https:\/\/www.arquimedes.com.br\/novosite\/wp-content\/uploads\/2020\/07\/CLP350x250.jpg 350w\" sizes=\"(max-width: 260px) 100vw, 260px\" \/><\/a><div class='grid-content'><div class='avia-arrow'><\/div><header class=\"entry-content-header\"><h3 class='grid-entry-title entry-title '  itemprop=\"headline\" ><a href='https:\/\/www.arquimedes.com.br\/novosite\/portfolio-item\/eletronica-industrial\/' title='ELETR\u00d4NICA INDUSTRIAL'>ELETR\u00d4NICA INDUSTRIAL<\/a><\/h3><\/header><\/div><footer class=\"entry-footer\"><\/footer><\/article><\/div><div data-ajax-id='3887' class=' grid-entry flex_column isotope-item all_sort no_margin post-entry post-entry-3887 grid-entry-overview grid-loop-9 grid-parity-odd  c-l-p-controlador-logico-programavel_sort curso_sort profissionalizante_sort  av_one_fourth first default_av_fullwidth '><article class='main_color inner-entry'  itemscope=\"itemscope\" itemtype=\"https:\/\/schema.org\/CreativeWork\" ><a href=\"https:\/\/www.arquimedes.com.br\/novosite\/portfolio-item\/c-l-p-controlador-logico-programavel\/\" title='COMANDOS EL\u00c9TRICOS DE MOTORES E INVERSOR DE FREQU\u00caNCIA, COMANDOS HIDR\u00c1ULICOS E PNEUM\u00c1TICOS E CLP'  data-rel='grid-1' class='grid-image avia-hover-fx'> <img fetchpriority=\"high\" fetchpriority=\"high\" decoding=\"async\" fetchpriority=\"high\" width=\"260\" height=\"185\" src=\"https:\/\/www.arquimedes.com.br\/novosite\/wp-content\/uploads\/2020\/07\/CLP350x250-260x185.jpg\" class=\"wp-image-4427 avia-img-lazy-loading-not-4427 attachment-portfolio_small size-portfolio_small wp-post-image\" alt=\"ELETR\u00d4NICA INDUSTRIAL\" srcset=\"https:\/\/www.arquimedes.com.br\/novosite\/wp-content\/uploads\/2020\/07\/CLP350x250-260x185.jpg 260w, https:\/\/www.arquimedes.com.br\/novosite\/wp-content\/uploads\/2020\/07\/CLP350x250-300x214.jpg 300w, https:\/\/www.arquimedes.com.br\/novosite\/wp-content\/uploads\/2020\/07\/CLP350x250.jpg 350w\" sizes=\"(max-width: 260px) 100vw, 260px\" \/><\/a><div class='grid-content'><div class='avia-arrow'><\/div><header class=\"entry-content-header\"><h3 class='grid-entry-title entry-title '  itemprop=\"headline\" ><a href='https:\/\/www.arquimedes.com.br\/novosite\/portfolio-item\/c-l-p-controlador-logico-programavel\/' title='COMANDOS EL\u00c9TRICOS DE MOTORES E INVERSOR DE FREQU\u00caNCIA, COMANDOS HIDR\u00c1ULICOS E PNEUM\u00c1TICOS E CLP'>COMANDOS EL\u00c9TRICOS DE MOTORES E INVERSOR DE FREQU\u00caNCIA, COMANDOS HIDR\u00c1ULICOS E PNEUM\u00c1TICOS E CLP<\/a><\/h3><\/header><\/div><footer class=\"entry-footer\"><\/footer><\/article><\/div><div data-ajax-id='3898' class=' grid-entry flex_column isotope-item all_sort no_margin post-entry post-entry-3898 grid-entry-overview grid-loop-10 grid-parity-even  curso_sort eletricista-instalador_sort profissionalizante_sort  av_one_fourth  default_av_fullwidth '><article class='main_color inner-entry'  itemscope=\"itemscope\" itemtype=\"https:\/\/schema.org\/CreativeWork\" ><a href=\"https:\/\/www.arquimedes.com.br\/novosite\/portfolio-item\/eletricista-instalador\/\" title='ELETRICISTA INSTALADOR'  data-rel='grid-1' class='grid-image avia-hover-fx'> <img fetchpriority=\"high\" fetchpriority=\"high\" decoding=\"async\" fetchpriority=\"high\" width=\"260\" height=\"185\" src=\"https:\/\/www.arquimedes.com.br\/novosite\/wp-content\/uploads\/2020\/07\/ultimo-260x185.jpg\" class=\"wp-image-4542 avia-img-lazy-loading-not-4542 attachment-portfolio_small size-portfolio_small wp-post-image\" alt=\"\" srcset=\"https:\/\/www.arquimedes.com.br\/novosite\/wp-content\/uploads\/2020\/07\/ultimo-260x185.jpg 260w, https:\/\/www.arquimedes.com.br\/novosite\/wp-content\/uploads\/2020\/07\/ultimo-300x214.jpg 300w, https:\/\/www.arquimedes.com.br\/novosite\/wp-content\/uploads\/2020\/07\/ultimo.jpg 350w\" sizes=\"(max-width: 260px) 100vw, 260px\" \/><\/a><div class='grid-content'><div class='avia-arrow'><\/div><header class=\"entry-content-header\"><h3 class='grid-entry-title entry-title '  itemprop=\"headline\" ><a href='https:\/\/www.arquimedes.com.br\/novosite\/portfolio-item\/eletricista-instalador\/' title='ELETRICISTA INSTALADOR'>ELETRICISTA INSTALADOR<\/a><\/h3><\/header><\/div><footer class=\"entry-footer\"><\/footer><\/article><\/div><div data-ajax-id='3678' class=' grid-entry flex_column isotope-item all_sort no_margin post-entry post-entry-3678 grid-entry-overview grid-loop-11 grid-parity-odd  post-entry-last  atendimento-corporativo_sort curso_sort cursos-e-treinamentos-normativos_sort eletroeletronica-e-automacao_sort nr10_sort profissionalizante_sort seguranca-e-meio-ambiente_sort  av_one_fourth  default_av_fullwidth '><article class='main_color inner-entry'  itemscope=\"itemscope\" itemtype=\"https:\/\/schema.org\/CreativeWork\" ><a href=\"https:\/\/www.arquimedes.com.br\/novosite\/portfolio-item\/nr-10-formacao\/\" title='NR 10 \u2013 SEGURAN\u00c7A EM INSTALA\u00c7\u00d5ES E SERVI\u00c7OS EM ELETRICIDADE | FORMA\u00c7\u00c3O: 40 HORAS'  data-rel='grid-1' class='grid-image avia-hover-fx'> <img fetchpriority=\"high\" fetchpriority=\"high\" decoding=\"async\" fetchpriority=\"high\" width=\"260\" height=\"185\" src=\"https:\/\/www.arquimedes.com.br\/novosite\/wp-content\/uploads\/2020\/06\/nr10-350x250--260x185.jpg\" class=\"wp-image-4517 avia-img-lazy-loading-not-4517 attachment-portfolio_small size-portfolio_small wp-post-image\" alt=\"NR 10 \u2013 Reciclagem\" srcset=\"https:\/\/www.arquimedes.com.br\/novosite\/wp-content\/uploads\/2020\/06\/nr10-350x250--260x185.jpg 260w, https:\/\/www.arquimedes.com.br\/novosite\/wp-content\/uploads\/2020\/06\/nr10-350x250--300x214.jpg 300w, https:\/\/www.arquimedes.com.br\/novosite\/wp-content\/uploads\/2020\/06\/nr10-350x250-.jpg 350w\" sizes=\"(max-width: 260px) 100vw, 260px\" \/><\/a><div class='grid-content'><div class='avia-arrow'><\/div><header class=\"entry-content-header\"><h3 class='grid-entry-title entry-title '  itemprop=\"headline\" ><a href='https:\/\/www.arquimedes.com.br\/novosite\/portfolio-item\/nr-10-formacao\/' title='NR 10 \u2013 SEGURAN\u00c7A EM INSTALA\u00c7\u00d5ES E SERVI\u00c7OS EM ELETRICIDADE | FORMA\u00c7\u00c3O: 40 HORAS'>NR 10 \u2013 SEGURAN\u00c7A EM INSTALA\u00c7\u00d5ES E SERVI\u00c7OS EM ELETRICIDADE | FORMA\u00c7\u00c3O: 40 HORAS<\/a><\/h3><\/header><\/div><footer class=\"entry-footer\"><\/footer><\/article><\/div><\/div><\/div>   <!--   class=\"av-portfolio-grid-sorting-container\"  --><\/p><\/div>\n","protected":false},"excerpt":{"rendered":"","protected":false},"author":2,"featured_media":0,"parent":0,"menu_order":0,"comment_status":"closed","ping_status":"closed","template":"","meta":{"footnotes":""},"class_list":["post-3879","page","type-page","status-publish","hentry"],"_links":{"self":[{"href":"https:\/\/www.arquimedes.com.br\/novosite\/wp-json\/wp\/v2\/pages\/3879","targetHints":{"allow":["GET"]}}],"collection":[{"href":"https:\/\/www.arquimedes.com.br\/novosite\/wp-json\/wp\/v2\/pages"}],"about":[{"href":"https:\/\/www.arquimedes.com.br\/novosite\/wp-json\/wp\/v2\/types\/page"}],"author":[{"embeddable":true,"href":"https:\/\/www.arquimedes.com.br\/novosite\/wp-json\/wp\/v2\/users\/2"}],"replies":[{"embeddable":true,"href":"https:\/\/www.arquimedes.com.br\/novosite\/wp-json\/wp\/v2\/comments?post=3879"}],"version-history":[{"count":4,"href":"https:\/\/www.arquimedes.com.br\/novosite\/wp-json\/wp\/v2\/pages\/3879\/revisions"}],"predecessor-version":[{"id":6394,"href":"https:\/\/www.arquimedes.com.br\/novosite\/wp-json\/wp\/v2\/pages\/3879\/revisions\/6394"}],"wp:attachment":[{"href":"https:\/\/www.arquimedes.com.br\/novosite\/wp-json\/wp\/v2\/media?parent=3879"}],"curies":[{"name":"wp","href":"https:\/\/api.w.org\/{rel}","templated":true}]}}