{"id":3625,"date":"2020-05-29T16:50:10","date_gmt":"2020-05-29T19:50:10","guid":{"rendered":"http:\/\/www.arquimedes.com.br\/novosite\/?page_id=3625"},"modified":"2022-02-16T17:28:49","modified_gmt":"2022-02-16T20:28:49","slug":"cursos-tecnicos","status":"publish","type":"page","link":"https:\/\/www.arquimedes.com.br\/novosite\/cursos-tecnicos\/","title":{"rendered":"Cursos T\u00e9cnicos"},"content":{"rendered":"\n<style type=\"text\/css\" data-created_by=\"avia_inline_auto\" id=\"style-css-av-4r7wkm-47fa6312175a3995749d4f3db738e041\">\n.avia-section.av-4r7wkm-47fa6312175a3995749d4f3db738e041 .av-parallax .av-parallax-inner{\nbackground-repeat:no-repeat;\nbackground-image:url(https:\/\/www.arquimedes.com.br\/novosite\/wp-content\/uploads\/2015\/07\/business-support-1.jpg);\nbackground-position:0% 0%;\nbackground-attachment:scroll;\n}\n.avia-section.av-4r7wkm-47fa6312175a3995749d4f3db738e041 .av-section-color-overlay{\nopacity:0.7;\nbackground-color:#000000;\n}\n<\/style>\n<div id='av_section_1'  class='avia-section av-4r7wkm-47fa6312175a3995749d4f3db738e041 main_color avia-section-huge avia-no-border-styling  avia-builder-el-0  el_before_av_one_full  avia-builder-el-first  avia-full-stretch av-parallax-section avia-bg-style-parallax av-section-color-overlay-active av-minimum-height av-minimum-height-25 av-height-25  container_wrap sidebar_right'  data-section-bg-repeat='stretch' data-av_minimum_height_pc='25' data-av_min_height_opt='25'><div class='av-parallax' data-avia-parallax-ratio='0.3' ><div class='av-parallax-inner main_color avia-full-stretch'><\/div><\/div><div class=\"av-section-color-overlay-wrap\"><div class=\"av-section-color-overlay\"><\/div><div class='container av-section-cont-open' ><main  role=\"main\" itemprop=\"mainContentOfPage\"  class='template-page content  av-content-small alpha units'><div class='post-entry post-entry-type-page post-entry-3625'><div class='entry-content-wrapper clearfix'>\n\n<style type=\"text\/css\" data-created_by=\"avia_inline_auto\" id=\"style-css-av-kasml1sp-322722bb9b3a7b0b6f62cd006c5e0ff8\">\n#top .av-special-heading.av-kasml1sp-322722bb9b3a7b0b6f62cd006c5e0ff8{\npadding-bottom:10px;\ncolor:#ffffff;\nfont-size:40px;\n}\nbody .av-special-heading.av-kasml1sp-322722bb9b3a7b0b6f62cd006c5e0ff8 .av-special-heading-tag .heading-char{\nfont-size:25px;\n}\n#top #wrap_all .av-special-heading.av-kasml1sp-322722bb9b3a7b0b6f62cd006c5e0ff8 .av-special-heading-tag{\nfont-size:40px;\n}\n.av-special-heading.av-kasml1sp-322722bb9b3a7b0b6f62cd006c5e0ff8 .special-heading-inner-border{\nborder-color:#ffffff;\n}\n.av-special-heading.av-kasml1sp-322722bb9b3a7b0b6f62cd006c5e0ff8 .av-subheading{\nfont-size:12px;\n}\n\n@media only screen and (min-width: 480px) and (max-width: 767px){ \n#top #wrap_all .av-special-heading.av-kasml1sp-322722bb9b3a7b0b6f62cd006c5e0ff8 .av-special-heading-tag{\nfont-size:0.8em;\n}\n}\n\n@media only screen and (max-width: 479px){ \n#top #wrap_all .av-special-heading.av-kasml1sp-322722bb9b3a7b0b6f62cd006c5e0ff8 .av-special-heading-tag{\nfont-size:0.8em;\n}\n}\n<\/style>\n<div  class='av-special-heading av-kasml1sp-322722bb9b3a7b0b6f62cd006c5e0ff8 av-special-heading-h1 custom-color-heading blockquote modern-quote modern-centered  avia-builder-el-1  avia-builder-el-no-sibling  av-inherit-size av-linked-heading'><h1 class='av-special-heading-tag '  itemprop=\"headline\"  >Cursos T\u00e9cnicos<\/h1><div class=\"special-heading-border\"><div class=\"special-heading-inner-border\"><\/div><\/div><\/div>\n<\/div><\/div><\/main><!-- close content main element --><\/div><\/div><\/div><div id='after_section_1'  class='main_color av_default_container_wrap container_wrap sidebar_right'  ><div class='container av-section-cont-open' ><div class='template-page content  av-content-small alpha units'><div class='post-entry post-entry-type-page post-entry-3625'><div class='entry-content-wrapper clearfix'>\n\n<style type=\"text\/css\" data-created_by=\"avia_inline_auto\" id=\"style-css-av-2so9jv-ab6eeabe857fd4fe2fd6d32b8f9de8e5\">\n.flex_column.av-2so9jv-ab6eeabe857fd4fe2fd6d32b8f9de8e5{\nborder-radius:0px 0px 0px 0px;\npadding:0px 0px 0px 0px;\n}\n<\/style>\n<div  class='flex_column av-2so9jv-ab6eeabe857fd4fe2fd6d32b8f9de8e5 av_one_full  avia-builder-el-2  el_after_av_section  avia-builder-el-no-sibling  first flex_column_div av-zero-column-padding  '     ><section  class='av_textblock_section av-klgo3f0w-f2caba65fd99b73508864e14b7dc5560 '   itemscope=\"itemscope\" itemtype=\"https:\/\/schema.org\/CreativeWork\" ><div class='avia_textblock'  itemprop=\"text\" ><p style=\"text-align: justify;\"><span style=\"vertical-align: inherit;\"><span style=\"vertical-align: inherit;\"><span style=\"vertical-align: inherit;\"><span style=\"vertical-align: inherit;\">Os CURSOS T\u00c9CNICOS PROFISSIONALIZANTES, em n\u00edvel m\u00e9dio, t\u00eam como objetivo capacitar e qualificar o aluno com conhecimentos te\u00f3ricos e pr\u00e1ticos nas diversas atividades profissionais.<\/span><\/span><\/span><\/span><\/p>\n<p style=\"text-align: justify;\"><span style=\"vertical-align: inherit;\"><span style=\"vertical-align: inherit;\"><span style=\"vertical-align: inherit;\"><span style=\"vertical-align: inherit;\">Estes cursos permitem o acesso imediato ao mercado de trabalho em atendimento \u00e0s legisla\u00e7\u00f5es que regulamentam o exerc\u00edcio profissional, \u00e0s necessidades de m\u00e3o de obra qualificada das empresas e s\u00e3o v\u00e1lidos em todo territ\u00f3rio nacional. S\u00e3o\u00a0regulamentados, aprovados e supervisionados pela Diretoria Regional de Ensino, subordinada\u00a0\u00e0 Secretaria Estadual de Educa\u00e7\u00e3o.<\/span><\/span><\/span><\/span><\/p>\n<p style=\"text-align: justify;\"><span style=\"vertical-align: inherit;\"><span style=\"vertical-align: inherit;\"><span style=\"vertical-align: inherit;\"><span style=\"vertical-align: inherit;\">O pr\u00e9-requisito para o T\u00c9CNICO \u00e9 o ensino m\u00e9dio conclu\u00eddo ou em andamento, contanto que a conclus\u00e3o ocorra durante o itiner\u00e1rio do curso.<\/span><\/span><\/span><\/span><\/p>\n<\/div><\/section><br \/>\n<div  id=\"av-sc-portfolio-1\"  class=\"av-portfolio-grid-sorting-container\"><div class='sort_width_container  av-sort-yes' data-portfolio-id='1' ><div id='js_sort_items' ><div class='sort_by_cat hidden'><a href=\"#\" data-filter=\"all_sort\" class=\"all_sort_button active_sort\"><span class=\"inner_sort_button\"><span>Todos<\/span><small class=\"av-cat-count\"> 6 <\/small><\/span><\/a><span class=\"text-sep tecnico_sort_sep\">\/<\/span><a href=\"#\" data-filter=\"tecnico_sort\" class=\"tecnico_sort_button\" ><span class=\"inner_sort_button\"><span>T\u00e9cnico<\/span><small class=\"av-cat-count\"> 5 <\/small><\/span><\/a><\/div><\/div><\/div><div  class=' grid-sort-container isotope   no_margin-container with-excerpt-container grid-total-even grid-col-4 grid-links-' data-portfolio-id='1'><div data-ajax-id='3414' class=' grid-entry flex_column isotope-item all_sort no_margin post-entry post-entry-3414 grid-entry-overview grid-loop-1 grid-parity-odd  contabilidade_sort curso_sort tecnico_sort  av_one_fourth first default_av_fullwidth '><article class='main_color inner-entry'  itemscope=\"itemscope\" itemtype=\"https:\/\/schema.org\/CreativeWork\" ><a href=\"https:\/\/www.arquimedes.com.br\/novosite\/portfolio-item\/tecnico-em-contabilidade\/\" title='T\u00c9CNICO EM CONTABILIDADE'  data-rel='grid-1' class='grid-image avia-hover-fx'> <img fetchpriority=\"high\" fetchpriority=\"high\" decoding=\"async\" fetchpriority=\"high\" width=\"260\" height=\"185\" src=\"https:\/\/www.arquimedes.com.br\/novosite\/wp-content\/uploads\/2020\/07\/cadastro-260x185.jpg\" class=\"wp-image-5311 avia-img-lazy-loading-not-5311 attachment-portfolio_small size-portfolio_small wp-post-image\" alt=\"T\u00c9CNICO EM CONTABILIDADE CAMPINAS\" \/><\/a><div class='grid-content'><div class='avia-arrow'><\/div><header class=\"entry-content-header\"><h3 class='grid-entry-title entry-title '  itemprop=\"headline\" ><a href='https:\/\/www.arquimedes.com.br\/novosite\/portfolio-item\/tecnico-em-contabilidade\/' title='T\u00c9CNICO EM CONTABILIDADE'>T\u00c9CNICO EM CONTABILIDADE<\/a><\/h3><\/header><\/div><footer class=\"entry-footer\"><\/footer><\/article><\/div><div data-ajax-id='3547' class=' grid-entry flex_column isotope-item all_sort no_margin post-entry post-entry-3547 grid-entry-overview grid-loop-2 grid-parity-even  curso_sort eletronica_sort tecnico_sort  av_one_fourth  default_av_fullwidth '><article class='main_color inner-entry'  itemscope=\"itemscope\" itemtype=\"https:\/\/schema.org\/CreativeWork\" ><a href=\"https:\/\/www.arquimedes.com.br\/novosite\/portfolio-item\/tec-eletronica\/\" title='T\u00c9CNICO EM ELETR\u00d4NICA'  data-rel='grid-1' class='grid-image avia-hover-fx'> <img fetchpriority=\"high\" fetchpriority=\"high\" decoding=\"async\" fetchpriority=\"high\" width=\"260\" height=\"185\" src=\"https:\/\/www.arquimedes.com.br\/novosite\/wp-content\/uploads\/2020\/01\/tecnico-eletronica-campinas-industria-4-0-arquimedes-1-260x185.png\" class=\"wp-image-11864 avia-img-lazy-loading-not-11864 attachment-portfolio_small size-portfolio_small wp-post-image\" alt=\"\" srcset=\"https:\/\/www.arquimedes.com.br\/novosite\/wp-content\/uploads\/2020\/01\/tecnico-eletronica-campinas-industria-4-0-arquimedes-1-260x185.png 260w, https:\/\/www.arquimedes.com.br\/novosite\/wp-content\/uploads\/2020\/01\/tecnico-eletronica-campinas-industria-4-0-arquimedes-1-300x214.png 300w, https:\/\/www.arquimedes.com.br\/novosite\/wp-content\/uploads\/2020\/01\/tecnico-eletronica-campinas-industria-4-0-arquimedes-1.png 350w\" sizes=\"(max-width: 260px) 100vw, 260px\" \/><\/a><div class='grid-content'><div class='avia-arrow'><\/div><header class=\"entry-content-header\"><h3 class='grid-entry-title entry-title '  itemprop=\"headline\" ><a href='https:\/\/www.arquimedes.com.br\/novosite\/portfolio-item\/tec-eletronica\/' title='T\u00c9CNICO EM ELETR\u00d4NICA'>T\u00c9CNICO EM ELETR\u00d4NICA<\/a><\/h3><\/header><\/div><footer class=\"entry-footer\"><\/footer><\/article><\/div><div data-ajax-id='145' class=' grid-entry flex_column isotope-item all_sort no_margin post-entry post-entry-145 grid-entry-overview grid-loop-3 grid-parity-odd  curso_sort enfermagem_sort  av_one_fourth  default_av_fullwidth '><article class='main_color inner-entry'  itemscope=\"itemscope\" itemtype=\"https:\/\/schema.org\/CreativeWork\" ><a href=\"https:\/\/www.arquimedes.com.br\/novosite\/portfolio-item\/tecnico-enfermagem\/\" title='T\u00c9CNICO EM ENFERMAGEM'  data-rel='grid-1' class='grid-image avia-hover-fx'> <img fetchpriority=\"high\" fetchpriority=\"high\" decoding=\"async\" fetchpriority=\"high\" width=\"260\" height=\"185\" src=\"https:\/\/www.arquimedes.com.br\/novosite\/wp-content\/uploads\/2020\/01\/TECNICO-EM-ENFERMAGEM-350X250-260x185.jpg\" class=\"wp-image-4801 avia-img-lazy-loading-not-4801 attachment-portfolio_small size-portfolio_small wp-post-image\" alt=\"T\u00e9cnico Enfermagem Campinas\" srcset=\"https:\/\/www.arquimedes.com.br\/novosite\/wp-content\/uploads\/2020\/01\/TECNICO-EM-ENFERMAGEM-350X250-260x185.jpg 260w, https:\/\/www.arquimedes.com.br\/novosite\/wp-content\/uploads\/2020\/01\/TECNICO-EM-ENFERMAGEM-350X250-300x214.jpg 300w, https:\/\/www.arquimedes.com.br\/novosite\/wp-content\/uploads\/2020\/01\/TECNICO-EM-ENFERMAGEM-350X250.jpg 350w\" sizes=\"(max-width: 260px) 100vw, 260px\" \/><\/a><div class='grid-content'><div class='avia-arrow'><\/div><header class=\"entry-content-header\"><h3 class='grid-entry-title entry-title '  itemprop=\"headline\" ><a href='https:\/\/www.arquimedes.com.br\/novosite\/portfolio-item\/tecnico-enfermagem\/' title='T\u00c9CNICO EM ENFERMAGEM'>T\u00c9CNICO EM ENFERMAGEM<\/a><\/h3><\/header><\/div><footer class=\"entry-footer\"><\/footer><\/article><\/div><div data-ajax-id='3596' class=' grid-entry flex_column isotope-item all_sort no_margin post-entry post-entry-3596 grid-entry-overview grid-loop-4 grid-parity-even  curso_sort tecnico_sort logistica_sort  av_one_fourth  default_av_fullwidth '><article class='main_color inner-entry'  itemscope=\"itemscope\" itemtype=\"https:\/\/schema.org\/CreativeWork\" ><a href=\"https:\/\/www.arquimedes.com.br\/novosite\/portfolio-item\/tecnico-logistica\/\" title='T\u00c9CNICO EM LOG\u00cdSTICA'  data-rel='grid-1' class='grid-image avia-hover-fx'> <img fetchpriority=\"high\" fetchpriority=\"high\" decoding=\"async\" fetchpriority=\"high\" width=\"260\" height=\"185\" src=\"https:\/\/www.arquimedes.com.br\/novosite\/wp-content\/uploads\/2020\/05\/350-x-250-logistica-260x185.jpg\" class=\"wp-image-4694 avia-img-lazy-loading-not-4694 attachment-portfolio_small size-portfolio_small wp-post-image\" alt=\"T\u00e9cnico em Log\u00edstica Campinas\" srcset=\"https:\/\/www.arquimedes.com.br\/novosite\/wp-content\/uploads\/2020\/05\/350-x-250-logistica-260x185.jpg 260w, https:\/\/www.arquimedes.com.br\/novosite\/wp-content\/uploads\/2020\/05\/350-x-250-logistica-300x214.jpg 300w, https:\/\/www.arquimedes.com.br\/novosite\/wp-content\/uploads\/2020\/05\/350-x-250-logistica.jpg 350w\" sizes=\"(max-width: 260px) 100vw, 260px\" \/><\/a><div class='grid-content'><div class='avia-arrow'><\/div><header class=\"entry-content-header\"><h3 class='grid-entry-title entry-title '  itemprop=\"headline\" ><a href='https:\/\/www.arquimedes.com.br\/novosite\/portfolio-item\/tecnico-logistica\/' title='T\u00c9CNICO EM LOG\u00cdSTICA'>T\u00c9CNICO EM LOG\u00cdSTICA<\/a><\/h3><\/header><\/div><footer class=\"entry-footer\"><\/footer><\/article><\/div><div data-ajax-id='3583' class=' grid-entry flex_column isotope-item all_sort no_margin post-entry post-entry-3583 grid-entry-overview grid-loop-5 grid-parity-odd  curso_sort tecnico_sort  av_one_fourth first default_av_fullwidth '><article class='main_color inner-entry'  itemscope=\"itemscope\" itemtype=\"https:\/\/schema.org\/CreativeWork\" ><a href=\"https:\/\/www.arquimedes.com.br\/novosite\/portfolio-item\/tecnico-em-meio-ambiente\/\" title='T\u00c9CNICO EM MEIO AMBIENTE'  data-rel='grid-1' class='grid-image avia-hover-fx'> <img fetchpriority=\"high\" fetchpriority=\"high\" decoding=\"async\" fetchpriority=\"high\" width=\"260\" height=\"185\" src=\"https:\/\/www.arquimedes.com.br\/novosite\/wp-content\/uploads\/2020\/05\/environment-2948299_1920-260x185.jpg\" class=\"wp-image-3589 avia-img-lazy-loading-not-3589 attachment-portfolio_small size-portfolio_small wp-post-image\" alt=\"\" \/><\/a><div class='grid-content'><div class='avia-arrow'><\/div><header class=\"entry-content-header\"><h3 class='grid-entry-title entry-title '  itemprop=\"headline\" ><a href='https:\/\/www.arquimedes.com.br\/novosite\/portfolio-item\/tecnico-em-meio-ambiente\/' title='T\u00c9CNICO EM MEIO AMBIENTE'>T\u00c9CNICO EM MEIO AMBIENTE<\/a><\/h3><\/header><\/div><footer class=\"entry-footer\"><\/footer><\/article><\/div><div data-ajax-id='3606' class=' grid-entry flex_column isotope-item all_sort no_margin post-entry post-entry-3606 grid-entry-overview grid-loop-6 grid-parity-even  post-entry-last  curso_sort seguranca_sort tecnico_sort  av_one_fourth  default_av_fullwidth '><article class='main_color inner-entry'  itemscope=\"itemscope\" itemtype=\"https:\/\/schema.org\/CreativeWork\" ><a href=\"https:\/\/www.arquimedes.com.br\/novosite\/portfolio-item\/tecnico-em-seguranca-do-trabalho\/\" title='T\u00c9CNICO EM SEGURAN\u00c7A DO TRABALHO'  data-rel='grid-1' class='grid-image avia-hover-fx'> <img fetchpriority=\"high\" fetchpriority=\"high\" decoding=\"async\" fetchpriority=\"high\" width=\"260\" height=\"185\" src=\"https:\/\/www.arquimedes.com.br\/novosite\/wp-content\/uploads\/2020\/05\/TECNICO-EM-SEGURANCA-DO-TRABALHO-260x185.jpg\" class=\"wp-image-4695 avia-img-lazy-loading-not-4695 attachment-portfolio_small size-portfolio_small wp-post-image\" alt=\"T\u00e9cnico em Seguran\u00e7a do trabalho Campinas\" srcset=\"https:\/\/www.arquimedes.com.br\/novosite\/wp-content\/uploads\/2020\/05\/TECNICO-EM-SEGURANCA-DO-TRABALHO-260x185.jpg 260w, https:\/\/www.arquimedes.com.br\/novosite\/wp-content\/uploads\/2020\/05\/TECNICO-EM-SEGURANCA-DO-TRABALHO-300x214.jpg 300w, https:\/\/www.arquimedes.com.br\/novosite\/wp-content\/uploads\/2020\/05\/TECNICO-EM-SEGURANCA-DO-TRABALHO.jpg 350w\" sizes=\"(max-width: 260px) 100vw, 260px\" \/><\/a><div class='grid-content'><div class='avia-arrow'><\/div><header class=\"entry-content-header\"><h3 class='grid-entry-title entry-title '  itemprop=\"headline\" ><a href='https:\/\/www.arquimedes.com.br\/novosite\/portfolio-item\/tecnico-em-seguranca-do-trabalho\/' title='T\u00c9CNICO EM SEGURAN\u00c7A DO TRABALHO'>T\u00c9CNICO EM SEGURAN\u00c7A DO TRABALHO<\/a><\/h3><\/header><\/div><footer class=\"entry-footer\"><\/footer><\/article><\/div><\/div><\/div>   <!--   class=\"av-portfolio-grid-sorting-container\"  --><\/p><\/div>\n","protected":false},"excerpt":{"rendered":"","protected":false},"author":1,"featured_media":0,"parent":0,"menu_order":0,"comment_status":"closed","ping_status":"closed","template":"","meta":{"footnotes":""},"class_list":["post-3625","page","type-page","status-publish","hentry"],"_links":{"self":[{"href":"https:\/\/www.arquimedes.com.br\/novosite\/wp-json\/wp\/v2\/pages\/3625","targetHints":{"allow":["GET"]}}],"collection":[{"href":"https:\/\/www.arquimedes.com.br\/novosite\/wp-json\/wp\/v2\/pages"}],"about":[{"href":"https:\/\/www.arquimedes.com.br\/novosite\/wp-json\/wp\/v2\/types\/page"}],"author":[{"embeddable":true,"href":"https:\/\/www.arquimedes.com.br\/novosite\/wp-json\/wp\/v2\/users\/1"}],"replies":[{"embeddable":true,"href":"https:\/\/www.arquimedes.com.br\/novosite\/wp-json\/wp\/v2\/comments?post=3625"}],"version-history":[{"count":17,"href":"https:\/\/www.arquimedes.com.br\/novosite\/wp-json\/wp\/v2\/pages\/3625\/revisions"}],"predecessor-version":[{"id":9104,"href":"https:\/\/www.arquimedes.com.br\/novosite\/wp-json\/wp\/v2\/pages\/3625\/revisions\/9104"}],"wp:attachment":[{"href":"https:\/\/www.arquimedes.com.br\/novosite\/wp-json\/wp\/v2\/media?parent=3625"}],"curies":[{"name":"wp","href":"https:\/\/api.w.org\/{rel}","templated":true}]}}