{"id":11543,"date":"2025-08-21T15:21:26","date_gmt":"2025-08-21T18:21:26","guid":{"rendered":"https:\/\/www.arquimedes.com.br\/novosite\/?page_id=11543"},"modified":"2025-08-21T15:21:26","modified_gmt":"2025-08-21T18:21:26","slug":"cursos-profissionalizantes-2","status":"publish","type":"page","link":"https:\/\/www.arquimedes.com.br\/novosite\/cursos-profissionalizantes-2\/","title":{"rendered":"CURSOS PROFISSIONALIZANTES"},"content":{"rendered":"\n<style type=\"text\/css\" data-created_by=\"avia_inline_auto\" id=\"style-css-av-4r7wkm-bee94aa5672bb48b7847ad07b6e84684\">\n.avia-section.av-4r7wkm-bee94aa5672bb48b7847ad07b6e84684 .av-parallax .av-parallax-inner{\nbackground-repeat:no-repeat;\nbackground-image:url(https:\/\/www.arquimedes.com.br\/novosite\/wp-content\/uploads\/2020\/07\/tecnicas-de-negocios-1500x500-1.jpg);\nbackground-position:0% 0%;\nbackground-attachment:scroll;\n}\n.avia-section.av-4r7wkm-bee94aa5672bb48b7847ad07b6e84684 .av-section-color-overlay{\nopacity:0.7;\nbackground-color:#000000;\n}\n<\/style>\n<div id='av_section_1'  class='avia-section av-4r7wkm-bee94aa5672bb48b7847ad07b6e84684 main_color avia-section-huge avia-no-border-styling  avia-builder-el-0  el_before_av_layout_row  avia-builder-el-first  avia-full-stretch av-parallax-section avia-bg-style-parallax av-section-color-overlay-active av-minimum-height av-minimum-height-25 av-height-25  container_wrap sidebar_right'  data-section-bg-repeat='stretch' data-av_minimum_height_pc='25' data-av_min_height_opt='25'><div class='av-parallax' data-avia-parallax-ratio='0.3' ><div class='av-parallax-inner main_color avia-full-stretch'><\/div><\/div><div class=\"av-section-color-overlay-wrap\"><div class=\"av-section-color-overlay\"><\/div><div class='container av-section-cont-open' ><main  role=\"main\" itemprop=\"mainContentOfPage\"  class='template-page content  av-content-small alpha units'><div class='post-entry post-entry-type-page post-entry-11543'><div class='entry-content-wrapper clearfix'>\n\n<style type=\"text\/css\" data-created_by=\"avia_inline_auto\" id=\"style-css-av-ktczppwl-a2825ac699ea1bae2e8f64985283f7e4\">\n#top .av-special-heading.av-ktczppwl-a2825ac699ea1bae2e8f64985283f7e4{\npadding-bottom:10px;\ncolor:#ffffff;\nfont-size:40px;\n}\nbody .av-special-heading.av-ktczppwl-a2825ac699ea1bae2e8f64985283f7e4 .av-special-heading-tag .heading-char{\nfont-size:25px;\n}\n#top #wrap_all .av-special-heading.av-ktczppwl-a2825ac699ea1bae2e8f64985283f7e4 .av-special-heading-tag{\nfont-size:40px;\n}\n.av-special-heading.av-ktczppwl-a2825ac699ea1bae2e8f64985283f7e4 .special-heading-inner-border{\nborder-color:#ffffff;\n}\n.av-special-heading.av-ktczppwl-a2825ac699ea1bae2e8f64985283f7e4 .av-subheading{\nfont-size:12px;\n}\n\n@media only screen and (min-width: 480px) and (max-width: 767px){ \n#top #wrap_all .av-special-heading.av-ktczppwl-a2825ac699ea1bae2e8f64985283f7e4 .av-special-heading-tag{\nfont-size:0.8em;\n}\n}\n\n@media only screen and (max-width: 479px){ \n#top #wrap_all .av-special-heading.av-ktczppwl-a2825ac699ea1bae2e8f64985283f7e4 .av-special-heading-tag{\nfont-size:0.8em;\n}\n}\n<\/style>\n<div  class='av-special-heading av-ktczppwl-a2825ac699ea1bae2e8f64985283f7e4 av-special-heading-h1 custom-color-heading blockquote modern-quote modern-centered  avia-builder-el-1  avia-builder-el-no-sibling  av-inherit-size av-linked-heading'><h1 class='av-special-heading-tag '  itemprop=\"headline\"  >CURSOS PROFISSIONALIZANTES<\/h1><div class=\"special-heading-border\"><div class=\"special-heading-inner-border\"><\/div><\/div><\/div>\n<\/div><\/div><\/main><!-- close content main element --><\/div><\/div><\/div><div id='av-layout-grid-1'  class='av-layout-grid-container av-1dvmu-a825e0bb4816271833a4f5abc39044d2 entry-content-wrapper main_color av-flex-cells  avia-builder-el-2  el_after_av_section  avia-builder-el-last  grid-row-not-first  container_wrap sidebar_right'  >\n\n<style type=\"text\/css\" data-created_by=\"avia_inline_auto\" id=\"style-css-av-k4biyzjk-432f8a0e73eb0d0ba1ec7bcf088e3b16\">\n.flex_cell.av-k4biyzjk-432f8a0e73eb0d0ba1ec7bcf088e3b16{\nvertical-align:top;\n}\n.responsive #top #wrap_all .flex_cell.av-k4biyzjk-432f8a0e73eb0d0ba1ec7bcf088e3b16{\npadding:20px 30px 20px 30px !important;\n}\n<\/style>\n<div class='flex_cell av-k4biyzjk-432f8a0e73eb0d0ba1ec7bcf088e3b16 av-gridrow-cell av_one_full no_margin  avia-builder-el-3  avia-builder-el-no-sibling '  ><div class='flex_cell_inner'>\n<style type=\"text\/css\" data-created_by=\"avia_inline_auto\" id=\"style-css-av-k4bioeg5-191e0553f234bcb2a78296003fe3d6bd\">\n#top .av_textblock_section.av-k4bioeg5-191e0553f234bcb2a78296003fe3d6bd .avia_textblock{\nfont-size:18px;\n}\n<\/style>\n<section  class='av_textblock_section av-k4bioeg5-191e0553f234bcb2a78296003fe3d6bd '   itemscope=\"itemscope\" itemtype=\"https:\/\/schema.org\/CreativeWork\" ><div class='avia_textblock'  itemprop=\"text\" ><p style=\"text-align: justify;\">\u00a0<span class=\"fontstyle0\">S\u00e3o Cursos de <\/span><span class=\"fontstyle2\">Forma\u00e7\u00e3o Continuada Inicial e Cont\u00ednua &#8211; Cursos Profissionalizantes Livres <\/span><span class=\"fontstyle0\">&#8211; destinados ao p\u00fablico em geral, com carga hor\u00e1ria entre 16 horas a 200 horas, estruturados e preparados para a forma\u00e7\u00e3o ou especializa\u00e7\u00e3o em uma \u00e1rea espec\u00edfica de atua\u00e7\u00e3o profissional.<br \/>\nOs cursos podem ser de forma\u00e7\u00e3o, qualifica\u00e7\u00e3o, capacita\u00e7\u00e3o e tamb\u00e9m de especializa\u00e7\u00e3o aos profissionais que j\u00e1 atuam e que necessitam atualizar-se em virtude das inova\u00e7\u00f5es e necessidades do mercado de trabalho.<br \/>\nEnquadra-se tamb\u00e9m na Forma\u00e7\u00e3o Continuada os Cursos e Treinamentos Normativos que exigem forma\u00e7\u00e3o e reciclagem obrigat\u00f3ria para o exerc\u00edcio legal da atividade profissional.<\/span><\/p>\n<\/div><\/section>\n<\/div><\/div><\/div><\/p>\n","protected":false},"excerpt":{"rendered":"","protected":false},"author":2,"featured_media":0,"parent":0,"menu_order":0,"comment_status":"closed","ping_status":"closed","template":"","meta":{"footnotes":""},"class_list":["post-11543","page","type-page","status-publish","hentry"],"_links":{"self":[{"href":"https:\/\/www.arquimedes.com.br\/novosite\/wp-json\/wp\/v2\/pages\/11543","targetHints":{"allow":["GET"]}}],"collection":[{"href":"https:\/\/www.arquimedes.com.br\/novosite\/wp-json\/wp\/v2\/pages"}],"about":[{"href":"https:\/\/www.arquimedes.com.br\/novosite\/wp-json\/wp\/v2\/types\/page"}],"author":[{"embeddable":true,"href":"https:\/\/www.arquimedes.com.br\/novosite\/wp-json\/wp\/v2\/users\/2"}],"replies":[{"embeddable":true,"href":"https:\/\/www.arquimedes.com.br\/novosite\/wp-json\/wp\/v2\/comments?post=11543"}],"version-history":[{"count":2,"href":"https:\/\/www.arquimedes.com.br\/novosite\/wp-json\/wp\/v2\/pages\/11543\/revisions"}],"predecessor-version":[{"id":12022,"href":"https:\/\/www.arquimedes.com.br\/novosite\/wp-json\/wp\/v2\/pages\/11543\/revisions\/12022"}],"wp:attachment":[{"href":"https:\/\/www.arquimedes.com.br\/novosite\/wp-json\/wp\/v2\/media?parent=11543"}],"curies":[{"name":"wp","href":"https:\/\/api.w.org\/{rel}","templated":true}]}}