{"id":4271,"date":"2020-07-24T11:24:42","date_gmt":"2020-07-24T14:24:42","guid":{"rendered":"http:\/\/www.arquimedes.com.br\/novosite\/?page_id=4271"},"modified":"2024-10-31T13:30:12","modified_gmt":"2024-10-31T16:30:12","slug":"quem-somos","status":"publish","type":"page","link":"http:\/\/www.arquimedes.com.br\/novosite\/quem-somos\/","title":{"rendered":"Quem Somos"},"content":{"rendered":"\n<style type=\"text\/css\" data-created_by=\"avia_inline_auto\" id=\"style-css-av-4r7wkm-aab164c655a27ed2bb61dcc17fe37902\">\n.avia-section.av-4r7wkm-aab164c655a27ed2bb61dcc17fe37902 .av-parallax .av-parallax-inner{\nbackground-repeat:no-repeat;\nbackground-image:url(http:\/\/www.arquimedes.com.br\/novosite\/wp-content\/uploads\/2020\/05\/o-que-e-seguranca-no-trabalho-300x116.jpg);\nbackground-position:0% 0%;\nbackground-attachment:scroll;\n}\n.avia-section.av-4r7wkm-aab164c655a27ed2bb61dcc17fe37902 .av-section-color-overlay{\nopacity:0.7;\nbackground-color:#000000;\n}\n<\/style>\n<div id='av_section_1'  class='avia-section av-4r7wkm-aab164c655a27ed2bb61dcc17fe37902 main_color avia-section-huge avia-no-border-styling  avia-builder-el-0  el_before_av_layout_row  avia-builder-el-first  avia-full-stretch av-parallax-section avia-bg-style-parallax av-section-color-overlay-active av-minimum-height av-minimum-height-25 av-height-25  container_wrap sidebar_right'  data-section-bg-repeat='stretch' data-av_minimum_height_pc='25' data-av_min_height_opt='25'><div class='av-parallax' data-avia-parallax-ratio='0.3' ><div class='av-parallax-inner main_color avia-full-stretch'><\/div><\/div><div class=\"av-section-color-overlay-wrap\"><div class=\"av-section-color-overlay\"><\/div><div class='container av-section-cont-open' ><main  role=\"main\" itemprop=\"mainContentOfPage\"  class='template-page content  av-content-small alpha units'><div class='post-entry post-entry-type-page post-entry-4271'><div class='entry-content-wrapper clearfix'>\n\n<style type=\"text\/css\" data-created_by=\"avia_inline_auto\" id=\"style-css-av-kd0bfuff-d18616a2230f3da8771e0aa45cede640\">\n#top .av-special-heading.av-kd0bfuff-d18616a2230f3da8771e0aa45cede640{\npadding-bottom:10px;\ncolor:#ffffff;\nfont-size:40px;\n}\nbody .av-special-heading.av-kd0bfuff-d18616a2230f3da8771e0aa45cede640 .av-special-heading-tag .heading-char{\nfont-size:25px;\n}\n#top #wrap_all .av-special-heading.av-kd0bfuff-d18616a2230f3da8771e0aa45cede640 .av-special-heading-tag{\nfont-size:40px;\n}\n.av-special-heading.av-kd0bfuff-d18616a2230f3da8771e0aa45cede640 .special-heading-inner-border{\nborder-color:#ffffff;\n}\n.av-special-heading.av-kd0bfuff-d18616a2230f3da8771e0aa45cede640 .av-subheading{\nfont-size:12px;\n}\n\n@media only screen and (min-width: 480px) and (max-width: 767px){ \n#top #wrap_all .av-special-heading.av-kd0bfuff-d18616a2230f3da8771e0aa45cede640 .av-special-heading-tag{\nfont-size:0.8em;\n}\n}\n\n@media only screen and (max-width: 479px){ \n#top #wrap_all .av-special-heading.av-kd0bfuff-d18616a2230f3da8771e0aa45cede640 .av-special-heading-tag{\nfont-size:0.8em;\n}\n}\n<\/style>\n<div  class='av-special-heading av-kd0bfuff-d18616a2230f3da8771e0aa45cede640 av-special-heading-h1 custom-color-heading blockquote modern-quote modern-centered  avia-builder-el-1  avia-builder-el-no-sibling  av-inherit-size av-linked-heading'><h1 class='av-special-heading-tag '  itemprop=\"headline\"  >Arquimedes<\/h1><div class=\"special-heading-border\"><div class=\"special-heading-inner-border\"><\/div><\/div><\/div>\n\n<\/div><\/div><\/main><!-- close content main element --><\/div><\/div><\/div><div id='av-layout-grid-1'  class='av-layout-grid-container av-1dvmu-a825e0bb4816271833a4f5abc39044d2 entry-content-wrapper main_color av-flex-cells  avia-builder-el-2  el_after_av_section  avia-builder-el-last  grid-row-not-first  container_wrap sidebar_right'  >\n\n<style type=\"text\/css\" data-created_by=\"avia_inline_auto\" id=\"style-css-av-k4biyzjk-432f8a0e73eb0d0ba1ec7bcf088e3b16\">\n.flex_cell.av-k4biyzjk-432f8a0e73eb0d0ba1ec7bcf088e3b16{\nvertical-align:top;\n}\n.responsive #top #wrap_all .flex_cell.av-k4biyzjk-432f8a0e73eb0d0ba1ec7bcf088e3b16{\npadding:20px 30px 20px 30px !important;\n}\n<\/style>\n<div class='flex_cell av-k4biyzjk-432f8a0e73eb0d0ba1ec7bcf088e3b16 av-gridrow-cell av_one_half no_margin  avia-builder-el-3  el_before_av_cell_one_half  avia-builder-el-first '  ><div class='flex_cell_inner'><p>\n<style type=\"text\/css\" data-created_by=\"avia_inline_auto\" id=\"style-css-av-k4bioeg5-a5dc70addc29fa69f0cb558a303b9679\">\n#top .av_textblock_section.av-k4bioeg5-a5dc70addc29fa69f0cb558a303b9679 .avia_textblock{\nfont-size:20px;\n}\n<\/style>\n<section  class='av_textblock_section av-k4bioeg5-a5dc70addc29fa69f0cb558a303b9679 '   itemscope=\"itemscope\" itemtype=\"https:\/\/schema.org\/CreativeWork\" ><div class='avia_textblock'  itemprop=\"text\" ><p><strong><span style=\"color: #719430;\">Quem Somos<\/span><\/strong><\/p>\n<\/div><\/section><br \/>\n\n<style type=\"text\/css\" data-created_by=\"avia_inline_auto\" id=\"style-css-av-427i7y-0828e4a2a9ea0806e2905da9b2bbb532\">\n#top .av_textblock_section.av-427i7y-0828e4a2a9ea0806e2905da9b2bbb532 .avia_textblock{\nfont-size:16px;\n}\n<\/style>\n<section  class='av_textblock_section av-427i7y-0828e4a2a9ea0806e2905da9b2bbb532 '   itemscope=\"itemscope\" itemtype=\"https:\/\/schema.org\/CreativeWork\" ><div class='avia_textblock'  itemprop=\"text\" ><section class=\"av_textblock_section \">\n<div class=\"avia_textblock \">\n<p>A Escola Arquimedes, fundada em 1974, possui Cursos Inovadores, metodologia diferenciada, educadores qualificados e din\u00e2micos o que resulta em cursos e treinamentos com efici\u00eancia e efic\u00e1cia.<\/p>\n<\/div>\n<\/section>\n<section class=\"av_textblock_section \">\n<div class=\"avia_textblock \">\n<p><strong>Desenvolve cursos e\/ou treinamentos nos seguintes segmentos:<\/strong><\/p>\n<p>* Cursos T\u00e9cnicos Sequencias (em n\u00edvel M\u00e9dio);<br \/>\n* Especializa\u00e7\u00f5es;<br \/>\n* Cursos de Forma\u00e7\u00e3o Continuada \u2013 Profissionalizantes Livres;<br \/>\n* Cursos Preparat\u00f3rios para Concursos P\u00fablicos;<br \/>\n* Atendimento Corporativo \u2013 Cursos \u201cIn Company\u201d<\/p>\n<p>O portf\u00f3lio inclui ainda palestras, oficinas e semin\u00e1rios.<\/p>\n<p>A larga experi\u00eancia na forma\u00e7\u00e3o de Adultos, com competentes profissionais gestores e formadores, traz \u00e0 Escola Arquimedes in\u00fameros resultados e m\u00e9ritos, inclusive em n\u00edvel mundial, pelo m\u00e9todo eficiente e eficaz, empregado na forma\u00e7\u00e3o de m\u00e3o de obra.<\/p>\n<p>Utilizando-se da Andragogia para a estrutura\u00e7\u00e3o da metodologia, aliada \u00e0 jun\u00e7\u00e3o de m\u00e9todos pedag\u00f3gicos adequados \u00e0 sua clientela e atrav\u00e9s de estrat\u00e9gias pr\u00f3prias, garante conte\u00fados adequados e s\u00f3lidos, vindo ao encontro e superando as expectativas dos clientes pelos pr\u00f3prios resultados alcan\u00e7ados.<\/p>\n<p>Com sede em Campinas \u2013 SP, \u00e0 Rua Bernardino de Campos, n\u00ba 503, a Escola Arquimedes, com sua unidade m\u00f3vel, atende a toda e qualquer necessidade de cursos, treinamentos (forma\u00e7\u00e3o e informa\u00e7\u00e3o) e palestras em todo o territ\u00f3rio nacional.<\/p>\n<p>Empresas e Institui\u00e7\u00f5es podem consultar o ATENDIMENTO CORPORATIVO, que desenvolve treinamentos especiais e servi\u00e7os customizados.<\/p>\n<p>Seja bem-vindo a Escola Arquimedes!<\/p>\n<\/div>\n<\/section>\n<section class=\"av_textblock_section \">\n<div class=\"avia_textblock \">\n<p><strong>DIPLOMA DE HONRA AO M\u00c9RITO \u00c0 ESCOLA ARQUIMEDES:<\/strong><\/p>\n<\/div>\n<\/section>\n<section class=\"av_textblock_section \">\n<div class=\"avia_textblock \">\n<p>Projeto de Decreto-Legislativo n\u00ba 333\/04 Concede Diploma de honra ao m\u00e9rito \u00e0 Escola Arquimedes.<\/p>\n<p>A C\u00e2mara Municipal aprovou e eu, Carlos Francisco Signorelli, seu Presidente, promulgo o seguinte Decreto-Legislativo:<\/p>\n<p>Artigo 1\u00ba \u2013 Fica concedido o Diploma de Honra ao M\u00e9rito \u00e0 Escola Arquimedes, pelos relevantes servi\u00e7os prestados \u00e0 comunidade de Campinas.<\/p>\n<p>Artigo 2\u00ba \u2013 \u00c0 institui\u00e7\u00e3o homenageada ser\u00e1 entregue um diploma contendo o resumo deste Decreto-Legislativo, em conformidade com o disposto no artigo<img fetchpriority=\"high\" decoding=\"async\" class=\"size-medium wp-image-4267 alignright\" src=\"http:\/\/www.arquimedes.com.br\/novosite\/wp-content\/uploads\/2020\/07\/diploma-199x300.jpg\" sizes=\"(max-width: 199px) 100vw, 199px\" srcset=\"http:\/\/www.arquimedes.com.br\/novosite\/wp-content\/uploads\/2020\/07\/diploma-199x300.jpg 199w, http:\/\/www.arquimedes.com.br\/novosite\/wp-content\/uploads\/2020\/07\/diploma-682x1030.jpg 682w, http:\/\/www.arquimedes.com.br\/novosite\/wp-content\/uploads\/2020\/07\/diploma-768x1160.jpg 768w, http:\/\/www.arquimedes.com.br\/novosite\/wp-content\/uploads\/2020\/07\/diploma-1017x1536.jpg 1017w, http:\/\/www.arquimedes.com.br\/novosite\/wp-content\/uploads\/2020\/07\/diploma-1356x2048.jpg 1356w, http:\/\/www.arquimedes.com.br\/novosite\/wp-content\/uploads\/2020\/07\/diploma-993x1500.jpg 993w, http:\/\/www.arquimedes.com.br\/novosite\/wp-content\/uploads\/2020\/07\/diploma-467x705.jpg 467w, http:\/\/www.arquimedes.com.br\/novosite\/wp-content\/uploads\/2020\/07\/diploma.jpg 1500w\" alt=\"\" width=\"199\" height=\"300\" \/>\u00a017, da resolu\u00e7\u00e3o n\u00ba 717, de 16 de dezembro de 1999.<\/p>\n<p>Artigo 3\u00ba \u2013 As despesas decorrentes do cumprimento deste Decreto-Legislativo correr\u00e3o por conta de verbas pr\u00f3prias da Secretaria da C\u00e2mara, consignadas no or\u00e7amento vigente, suplementadas se necess\u00e1rio.<\/p>\n<p>Artigo 4\u00ba \u2013 Este Decreto-Legislativo entra em vigor na data de sua publica\u00e7\u00e3o, revogadas as disposi\u00e7\u00f5es em contr\u00e1rio.<\/p>\n<p>Sala das Reuni\u00f5es, 14 de junho de 2004<\/p>\n<p>Dr. Romeu Santini<\/p>\n<\/div>\n<\/section>\n<\/div><\/section><\/p>\n<\/div><\/div>\n<style type=\"text\/css\" data-created_by=\"avia_inline_auto\" id=\"style-css-av-k4biyqki-1369d76a3165debaaefe79f430d3f6a0\">\n.flex_cell.av-k4biyqki-1369d76a3165debaaefe79f430d3f6a0{\nvertical-align:top;\nbackground-color:#f7f7f7;\n}\n.responsive #top #wrap_all .flex_cell.av-k4biyqki-1369d76a3165debaaefe79f430d3f6a0{\npadding:20px 30px 20px 30px !important;\n}\n<\/style>\n<div class='flex_cell av-k4biyqki-1369d76a3165debaaefe79f430d3f6a0 av-gridrow-cell av_one_half no_margin  avia-builder-el-6  el_after_av_cell_one_half  avia-builder-el-last '  ><div class='flex_cell_inner'><p>\n<style type=\"text\/css\" data-created_by=\"avia_inline_auto\" id=\"style-css-av-k4bioeg5-a5dc70addc29fa69f0cb558a303b9679\">\n#top .av_textblock_section.av-k4bioeg5-a5dc70addc29fa69f0cb558a303b9679 .avia_textblock{\nfont-size:20px;\n}\n<\/style>\n<section  class='av_textblock_section av-k4bioeg5-a5dc70addc29fa69f0cb558a303b9679 '   itemscope=\"itemscope\" itemtype=\"https:\/\/schema.org\/CreativeWork\" ><div class='avia_textblock'  itemprop=\"text\" ><p><strong><span style=\"color: #719430;\">MISS\u00c3O E VALORES DA ESCOLA ARQUIMEDES:<\/span><\/strong><\/p>\n<\/div><\/section><br \/>\n\n<style type=\"text\/css\" data-created_by=\"avia_inline_auto\" id=\"style-css-av-427i7y-0828e4a2a9ea0806e2905da9b2bbb532\">\n#top .av_textblock_section.av-427i7y-0828e4a2a9ea0806e2905da9b2bbb532 .avia_textblock{\nfont-size:16px;\n}\n<\/style>\n<section  class='av_textblock_section av-427i7y-0828e4a2a9ea0806e2905da9b2bbb532 '   itemscope=\"itemscope\" itemtype=\"https:\/\/schema.org\/CreativeWork\" ><div class='avia_textblock'  itemprop=\"text\" ><p style=\"text-align: justify;\">Propiciar a forma\u00e7\u00e3o t\u00e9cnica, profissional e a educa\u00e7\u00e3o para o trabalho, promovendo a sua dissemina\u00e7\u00e3o com valores \u00e9ticos e comportamentais necess\u00e1rios ao fortalecimento e desenvolvimento da sociedade como um todo.<\/p>\n<p style=\"text-align: justify;\"><strong>POL\u00cdTICA DE QUALIDADE:<\/strong><br \/>\nA busca pela cont\u00ednua melhoria, adequando-a \u00e0s necessidades e transforma\u00e7\u00f5es do mercado de trabalho, tornando nosso alunos mais competitivos e qualificados.<\/p>\n<p style=\"text-align: justify;\"><strong>* Pol\u00edtica de Necessidade do Mercado de Trabalho:<br \/>\n* Pol\u00edtica de Desenvolvimento e Atualiza\u00e7\u00e3o de Cursos;<br \/>\n* Pol\u00edtica de Satisfa\u00e7\u00e3o aos Clientes (alunos e empresas);<br \/>\n* Pol\u00edtica de Satisfa\u00e7\u00e3o aos Colaboradores.<\/strong><\/p>\n<p style=\"text-align: justify;\"><strong>PROGRAMA DE GARANTIA DE APRENDIZADO:<\/strong><br \/>\nO aluno com frequ\u00eancia superior a 90%, que n\u00e3o alcan\u00e7ar m\u00e9dia m\u00ednima para aprova\u00e7\u00e3o do curso ou disciplina, tem direito a refazer a disciplina ou curso GRATUITAMENTE.<\/p>\n<\/div><\/section><br \/>\n\n<style type=\"text\/css\" data-created_by=\"avia_inline_auto\" id=\"style-css-av-k4bioeg5-6019887428ec34e139741e84623b3991\">\n#top .av_textblock_section.av-k4bioeg5-6019887428ec34e139741e84623b3991 .avia_textblock{\nfont-size:18px;\n}\n<\/style>\n<section  class='av_textblock_section av-k4bioeg5-6019887428ec34e139741e84623b3991 '   itemscope=\"itemscope\" itemtype=\"https:\/\/schema.org\/CreativeWork\" ><div class='avia_textblock'  itemprop=\"text\" ><p><strong><span style=\"color: #719430;\">CURSOS \u201cIN COMPANY\u201d: RECONHECIMENTO MUNDIAL DE QUALIDADE EM ENSINO:<\/span><\/strong><\/p>\n<\/div><\/section><br \/>\n\n<style type=\"text\/css\" data-created_by=\"avia_inline_auto\" id=\"style-css-av-427i7y-0828e4a2a9ea0806e2905da9b2bbb532\">\n#top .av_textblock_section.av-427i7y-0828e4a2a9ea0806e2905da9b2bbb532 .avia_textblock{\nfont-size:16px;\n}\n<\/style>\n<section  class='av_textblock_section av-427i7y-0828e4a2a9ea0806e2905da9b2bbb532 '   itemscope=\"itemscope\" itemtype=\"https:\/\/schema.org\/CreativeWork\" ><div class='avia_textblock'  itemprop=\"text\" ><section class=\"av_textblock_section \">\n<div class=\"avia_textblock \">\n<p style=\"text-align: justify;\">O pr\u00eamio \u201cQUALITY ACHIEVEMENT TEAM AWARD\u201d foi resultado do Programa de Treinamento e Forma\u00e7\u00e3o, desenvolvido e ministrado pela Escola Arquimedes para a Whirlpool, cujo objetivo \u00e9 a FORMA\u00c7\u00c3O T\u00c9CNICA e a RECICLAGEM dos profissionais da Rede de Assist\u00eancia T\u00e9cnica Autorizada dos produtos Brastemp e Consul.<\/p>\n<p style=\"text-align: justify;\">Visando corresponder \u00e0s expectativas e honrar a confian\u00e7a depositada pelo consumidor, na aquisi\u00e7\u00e3o do produto e no atendimento prestado pela Rede Autorizada, os treinamentos preparam esses profission<img decoding=\"async\" class=\"wp-image-4268 alignright\" src=\"http:\/\/www.arquimedes.com.br\/novosite\/wp-content\/uploads\/2020\/07\/premio1_G-1.jpg\" alt=\"\" width=\"160\" height=\"203\" \/>ais para atender \u00e0s necessidades do cliente, das marcas Brastemp e Consul, quanto \u00e0s inova\u00e7\u00f5es tecnol\u00f3gicas e aos diferenciais sempre presentes nos produtos ofertados pela Whirlpool.<\/p>\n<p style=\"text-align: justify;\">A conquista desse pr\u00eamio foi resultado da NOSSA POL\u00cdTICA DE QUALIDADE:\u00a0 Pol\u00edtica de Satisfa\u00e7\u00e3o dos Nossos clientes e Colaboradores, focada na Pol\u00edtica de Desenvolvimento e Atualiza\u00e7\u00e3o de Cursos, atendendo \u00e0s necessidades do mercado e dos clientes.<\/p>\n<p style=\"text-align: justify;\">E o sucesso dessa parceria se estende at\u00e9 os dias de hoje e, ao longo de mais de vinte anos, j\u00e1 formamos e reciclamos centenas de profissionais da Rede Autorizada, sempre focando no processo de melhoria cont\u00ednua, desenvolvendo treinamentos \u201csob medida\u201d e atendendo \u00e0 din\u00e2mica das demandas sempre em evolu\u00e7\u00e3o.<\/p>\n<\/div>\n<\/section>\n<section class=\"av_textblock_section \">\n<div class=\"avia_textblock \" style=\"text-align: justify;\"><\/div>\n<\/section>\n<\/div><\/section><br \/>\n\n<style type=\"text\/css\" data-created_by=\"avia_inline_auto\" id=\"style-css-av-m2xiu7sk-d0bff6d6cff2daade2af9ce2301745cf\">\n#top .av_textblock_section.av-m2xiu7sk-d0bff6d6cff2daade2af9ce2301745cf .avia_textblock{\nfont-size:16px;\n}\n<\/style>\n<section  class='av_textblock_section av-m2xiu7sk-d0bff6d6cff2daade2af9ce2301745cf '   itemscope=\"itemscope\" itemtype=\"https:\/\/schema.org\/CreativeWork\" ><div class='avia_textblock'  itemprop=\"text\" ><section class=\"av_textblock_section \">\n<div class=\"avia_textblock \">\n<h5 class=\"style-scope ytd-watch-metadata\">Diploma de M\u00e9rito Educacional &#8220;Prof. Darcy Ribeiro&#8221; &#8211; Escola Arquimedes<\/h5>\n<div class='avia-iframe-wrap'><iframe title=\"Diploma de M\u00e9rito Educacional &quot;Prof. Darcy Ribeiro&quot; - Escola Arquimedes 15\/10\/2024\" width=\"1500\" height=\"844\" src=\"https:\/\/www.youtube.com\/embed\/1dAWbwZ2HU8?feature=oembed\" frameborder=\"0\" allow=\"accelerometer; autoplay; clipboard-write; encrypted-media; gyroscope; picture-in-picture; web-share\" referrerpolicy=\"strict-origin-when-cross-origin\" allowfullscreen><\/iframe><\/div>\n<\/div>\n<\/section>\n<section class=\"av_textblock_section \">\n<div class=\"avia_textblock \" style=\"text-align: justify;\"><\/div>\n<\/section>\n<\/div><\/section><\/p>\n<\/div><\/div><\/div>\n","protected":false},"excerpt":{"rendered":"","protected":false},"author":2,"featured_media":0,"parent":0,"menu_order":0,"comment_status":"closed","ping_status":"closed","template":"","meta":{"footnotes":""},"class_list":["post-4271","page","type-page","status-publish","hentry"],"_links":{"self":[{"href":"http:\/\/www.arquimedes.com.br\/novosite\/wp-json\/wp\/v2\/pages\/4271","targetHints":{"allow":["GET"]}}],"collection":[{"href":"http:\/\/www.arquimedes.com.br\/novosite\/wp-json\/wp\/v2\/pages"}],"about":[{"href":"http:\/\/www.arquimedes.com.br\/novosite\/wp-json\/wp\/v2\/types\/page"}],"author":[{"embeddable":true,"href":"http:\/\/www.arquimedes.com.br\/novosite\/wp-json\/wp\/v2\/users\/2"}],"replies":[{"embeddable":true,"href":"http:\/\/www.arquimedes.com.br\/novosite\/wp-json\/wp\/v2\/comments?post=4271"}],"version-history":[{"count":8,"href":"http:\/\/www.arquimedes.com.br\/novosite\/wp-json\/wp\/v2\/pages\/4271\/revisions"}],"predecessor-version":[{"id":11111,"href":"http:\/\/www.arquimedes.com.br\/novosite\/wp-json\/wp\/v2\/pages\/4271\/revisions\/11111"}],"wp:attachment":[{"href":"http:\/\/www.arquimedes.com.br\/novosite\/wp-json\/wp\/v2\/media?parent=4271"}],"curies":[{"name":"wp","href":"https:\/\/api.w.org\/{rel}","templated":true}]}}